{"id":1615,"date":"2023-11-17T10:26:04","date_gmt":"2023-11-17T03:26:04","guid":{"rendered":"http:\/\/localhost\/demohanviet\/demo1\/?post_type=product&#038;p=1615"},"modified":"2024-11-14T11:50:43","modified_gmt":"2024-11-14T04:50:43","slug":"eagle-g60-2","status":"publish","type":"product","link":"http:\/\/hanviet.com.vn\/?product=eagle-g60-2","title":{"rendered":"EAGLE\u00ae G60"},"content":{"rendered":"<table style=\"border-collapse: collapse; width: 100%;\">\n<tbody>\n<tr>\n<td style=\"width: 25%; text-align: center;\"><span style=\"font-size: 500%;\"><i class=\"fas fa-thumbs-up\"><\/i><\/span><\/td>\n<td style=\"width: 25%; text-align: center;\"><span style=\"font-size: 500%;\"><i class=\"fas fa-thumbs-up\"><\/i><\/span><\/td>\n<td style=\"width: 25%; text-align: center;\"><span style=\"font-size: 500%;\"><i class=\"fas fa-thumbs-up\"><\/i><\/span><\/td>\n<td style=\"width: 25%; text-align: center;\"><span style=\"font-size: 500%;\"><i class=\"fas fa-thumbs-up\"><\/i><\/span><\/td>\n<\/tr>\n<tr>\n<td style=\"width: 25%; text-align: center;\"><span style=\"color: #000000;\">H\u1ec6 TH\u1ed0NG KI\u1ec2M TRA N\u0102NG L\u01af\u1ee2NG CAO V\u1edaI 6 MEV.<\/span><\/td>\n<td style=\"width: 25%; text-align: center;\"><span style=\"color: #000000;\">H\u00ccNH \u1ea2NH N\u0102NG L\u01af\u1ee2NG K\u00c9P, CH\u1ea4T L\u01af\u1ee2NG CAO.<\/span><\/td>\n<td style=\"width: 25%; text-align: center;\"><span style=\"color: #000000;\">QU\u00c9T L\u00caN T\u1edaI 20 XE T\u1ea2I M\u1ed6I GI\u1edc \u1ede CH\u1ebe \u0110\u1ed8 GANTRY,<\/span><br \/>\n<span style=\"color: #000000;\">L\u00caN T\u1edaI 80 XE T\u1ea2I M\u1ed6I GI\u1edc \u1ede CH\u1ebe \u0110\u1ed8 PORTAL.<\/span><\/td>\n<td style=\"width: 25%; text-align: center;\"><span style=\"color: #000000;\">NHI\u1ec0U C\u1ea4U H\u00ccNH QU\u00c9T V\u00c0 CH\u1ebe \u0110\u1ed8 HO\u1ea0T \u0110\u1ed8NG.<\/span><\/td>\n<\/tr>\n<\/tbody>\n<\/table>\n<p><span style=\"color: #000000;\">H\u1ec7 th\u1ed1ng ki\u1ec3m tra g\u1eafn tr\u00ean \u0111\u01b0\u1eddng ray, s\u1eed d\u1ee5ng tia X n\u0103ng l\u01b0\u1ee3ng cao l\u00fd t\u01b0\u1edfng \u0111\u1ec3 ki\u1ec3m tra h\u00e0ng h\u00f3a c\u00f3 \u0111\u1ed9 \u0111\u1eadm \u0111\u1eb7c cao, x\u00e1c minh v\u1edbi b\u1ea3n k\u00ea khai \u0111\u1ec3 x\u00e1c \u0111\u1ecbnh h\u00e0ng l\u1eadu t\u1ea1i c\u00e1c c\u01a1 s\u1edf quan tr\u1ecdng, c\u1eeda kh\u1ea9u bi\u00ean gi\u1edbi v\u00e0 c\u1ea3ng bi\u1ec3n. Thi\u1ebft k\u1ebf m\u00f4-\u0111un c\u1ee7a Eagle G60 h\u1ed7 tr\u1ee3 v\u1eadn h\u00e0nh c\u1ea3 ch\u1ebf \u0111\u1ed9 Gantry (m\u00e1y soi di chuy\u1ec3n) v\u00e0 ch\u1ebf \u0111\u1ed9 c\u1ed5ng (m\u00e1y soi \u0111\u1ee9ng y\u00ean), cho ph\u00e9p soi chi\u1ebfu c\u00e1c container c\u00f3 m\u1eadt \u0111\u1ed9 \u0111\u1eadm \u0111\u1eb7c cao b\u1eb1ng c\u1ea3 hai ch\u1ebf \u0111\u1ed9 c\u1ed5ng \u0111\u1ee9ng im v\u00e0 l\u00e1i xe qua c\u1ed5ng m\u1ed9t c\u00e1ch an to\u00e0n. Nhi\u1ec1u c\u1ea5p \u0111\u1ed9 hi\u1ec7u su\u1ea5t h\u00ecnh \u1ea3nh t\u1ea1o ra s\u1ef1 linh ho\u1ea1t cho kh\u00e1ch h\u00e0ng trong vi\u1ec7c l\u1ef1a ch\u1ecdn c\u1ea5u h\u00ecnh h\u1ec7 th\u1ed1ng l\u00fd t\u01b0\u1edfng v\u00e0 ph\u00f9 h\u1ee3p v\u1edbi y\u00eau c\u1ea7u ri\u00eang.<\/span><\/p>\n<p><span style=\"color: #0000ff;\"><a style=\"color: #0000ff;\" href=\"http:\/\/hanviet.com.vn\/wp-content\/uploads\/2023\/11\/RapASE-Eagle-G60-II-DS-VN.pdf\" aria-label=\"\u201cRapASE Eagle G60 II DS VN\u201d (Ch\u1ec9nh s\u1eeda)\">RapASE Eagle G60 DS VN.PDF<\/a><\/span><\/p>\n","protected":false},"excerpt":{"rendered":"<p><span style=\"color: #000000;\">Thi\u1ebft k\u1ebf s\u00e1ng t\u1ea1o c\u1ee7a Eagle\u00ae G60 k\u1ebft h\u1ee3p h\u00ecnh \u1ea3nh ch\u1ea5t l\u01b0\u1ee3ng cao c\u00f9ng v\u1edbi t\u00ednh linh ho\u1ea1t trong v\u1eadn h\u00e0nh \u0111\u1ec3 \u0111\u00e1p \u1ee9ng c\u00e1c y\u00eau c\u1ea7u ki\u1ec3m tra h\u00e0ng h\u00f3a \u0111a d\u1ea1ng c\u1ee7a kh\u00e1ch h\u00e0ng.<\/span><\/p>\n<ul>\n<li><span style=\"color: #000000;\">H\u1ec6 TH\u1ed0NG KI\u1ec2M TRA N\u0102NG L\u01af\u1ee2NG CAO V\u1edaI 6 MEV.<\/span><\/li>\n<li><span style=\"color: #000000;\">H\u00ccNH \u1ea2NH N\u0102NG L\u01af\u1ee2NG K\u00c9P, CH\u1ea4T L\u01af\u1ee2NG CAO.<\/span><\/li>\n<li><span style=\"color: #000000;\">QU\u00c9T L\u00caN T\u1edaI 20 XE T\u1ea2I M\u1ed6I GI\u1edc \u1ede CH\u1ebe \u0110\u1ed8 GANTRY, L\u00caN T\u1edaI 80 XE T\u1ea2I M\u1ed6I GI\u1edc \u1ede CH\u1ebe \u0110\u1ed8 PORTAL.<\/span><\/li>\n<li><span style=\"color: #000000;\">NHI\u1ec0U C\u1ea4U H\u00ccNH QU\u00c9T V\u00c0 CH\u1ebe \u0110\u1ed8 HO\u1ea0T \u0110\u1ed8NG.<\/span><\/li>\n<\/ul>\n<p>&nbsp;<\/p>\n","protected":false},"featured_media":976,"template":"","meta":[],"product_cat":[52],"product_tag":[388,392,394],"class_list":{"0":"post-1615","1":"product","2":"type-product","3":"status-publish","4":"has-post-thumbnail","6":"product_cat-may-soi-hang-hoa-co-lon-vi","7":"product_tag-air-cago-vi","8":"product_tag-container-vi","9":"product_tag-vehicle-inspection-vi","11":"first","12":"instock","13":"featured","14":"shipping-taxable","15":"product-type-simple"},"aioseo_notices":[],"_links":{"self":[{"href":"http:\/\/hanviet.com.vn\/index.php?rest_route=\/wp\/v2\/product\/1615","targetHints":{"allow":["GET"]}}],"collection":[{"href":"http:\/\/hanviet.com.vn\/index.php?rest_route=\/wp\/v2\/product"}],"about":[{"href":"http:\/\/hanviet.com.vn\/index.php?rest_route=\/wp\/v2\/types\/product"}],"wp:featuredmedia":[{"embeddable":true,"href":"http:\/\/hanviet.com.vn\/index.php?rest_route=\/wp\/v2\/media\/976"}],"wp:attachment":[{"href":"http:\/\/hanviet.com.vn\/index.php?rest_route=%2Fwp%2Fv2%2Fmedia&parent=1615"}],"wp:term":[{"taxonomy":"product_cat","embeddable":true,"href":"http:\/\/hanviet.com.vn\/index.php?rest_route=%2Fwp%2Fv2%2Fproduct_cat&post=1615"},{"taxonomy":"product_tag","embeddable":true,"href":"http:\/\/hanviet.com.vn\/index.php?rest_route=%2Fwp%2Fv2%2Fproduct_tag&post=1615"}],"curies":[{"name":"wp","href":"https:\/\/api.w.org\/{rel}","templated":true}]}}