{"id":1619,"date":"2023-11-17T14:22:35","date_gmt":"2023-11-17T07:22:35","guid":{"rendered":"http:\/\/localhost\/demohanviet\/demo1\/?post_type=product&#038;p=1619"},"modified":"2024-11-14T11:44:15","modified_gmt":"2024-11-14T04:44:15","slug":"eagle-m60-zbx-2","status":"publish","type":"product","link":"http:\/\/hanviet.com.vn\/?product=eagle-m60-zbx-2","title":{"rendered":"EAGLE\u00ae M60 ZBx"},"content":{"rendered":"<table style=\"border-collapse: collapse; width: 100%;\">\n<tbody>\n<tr>\n<td style=\"width: 25%; text-align: center;\"><span style=\"font-size: 500%;\"><i class=\"fas fa-thumbs-up\"><\/i><\/span><\/td>\n<td style=\"width: 25%; text-align: center;\"><span style=\"font-size: 500%;\"><i class=\"fas fa-thumbs-up\"><\/i><\/span><\/td>\n<td style=\"width: 25%; text-align: center;\"><span style=\"font-size: 500%;\"><i class=\"fas fa-thumbs-up\"><\/i><\/span><\/td>\n<td style=\"width: 25%; text-align: center;\"><span style=\"font-size: 500%;\"><i class=\"fas fa-thumbs-up\"><\/i><\/span><\/td>\n<\/tr>\n<tr>\n<td style=\"width: 25%; text-align: center;\">H\u00ccNH \u1ea2NH \u0110\u00c2M XUY\u00caN \u0110\u1ed8 PH\u00c2N GI\u1ea2I CAO<span style=\"font-size: 75%;\"><br \/>\n<\/span><\/td>\n<td style=\"width: 25%; text-align: center;\">H\u00ccNH \u1ea2NH T\u00c1N X\u1ea0 NG\u01af\u1ee2C GI\u1ed0NG \u1ea2NH CH\u1ee4P<\/td>\n<td style=\"width: 25%; text-align: center;\">NHI\u1ec0U CH\u1ebe \u0110\u1ed8 SOI CHI\u1ebeU<\/td>\n<td style=\"width: 25%; text-align: center;\">QU\u00c9T L\u00caN \u0110\u1ebeN 80 XE M\u1ed6I GI\u1edc \u1ede CH\u1ebe \u0110\u1ed8 C\u1ed4NG<\/td>\n<\/tr>\n<\/tbody>\n<\/table>\n<p><span style=\"color: #0000ff;\"><a style=\"color: #0000ff;\" href=\"http:\/\/hanviet.com.vn\/wp-content\/uploads\/2023\/11\/RapASE-Eagle-M60-ZBx_DS_VN.pdf\">RapASE Eagle M60 ZBx_DS_VN.PDF<\/a><\/span><\/p>\n","protected":false},"excerpt":{"rendered":"<h3><span style=\"color: #000000;\">H\u1ec7 th\u1ed1ng ki\u1ec3m tra h\u00e0ng h\u00f3a v\u00e0 ph\u01b0\u01a1ng ti\u1ec7n di \u0111\u1ed9ng, \u0111a c\u00f4ng ngh\u1ec7 d\u00e0nh cho c\u00e1c \u1ee9ng d\u1ee5ng an ninh v\u00e0 th\u00f4ng quan t\u1ea1i c\u1ea3ng, bi\u00ean gi\u1edbi v\u00e0 tr\u1ea1m ki\u1ec3m so\u00e1t ven \u0111\u01b0\u1eddng.<\/span><\/h3>\n<ul>\n<li><span style=\"color: #000000;\">L\u00dd T\u01af\u1edeNG \u0110\u1ec2 KI\u1ec2M TRA H\u00c0NG H\u00d3A \u0110\u1eb6C BI\u1ec6T<\/span><\/li>\n<li><span style=\"color: #000000;\">N\u00c2NG CAO PH\u00c1T HI\u1ec6N C\u00c1C M\u1ed0I \u0110E D\u1eccA H\u1eeeU C\u01a0 V\u00c0 H\u00c0NG L\u1eacU NH\u01af THU\u1ed0C, TI\u1ec0N T\u1ec6, R\u01af\u1ee2U V\u00c0 CH\u1ea4T N\u1ed4<\/span><\/li>\n<li><span style=\"color: #000000;\">TRI\u1ec2N KHAI NHANH CH\u00d3NG, LINH HO\u1ea0T<\/span><\/li>\n<li><span style=\"color: #000000;\">C\u00d3 TH\u1ec2 QU\u00c9T \u1ede C\u00c1C V\u1eca TR\u00cd C\u00d3 KH\u00d4NG GIAN GI\u1edaI H\u1ea0N \u1ede CH\u1ebe \u0110\u1ed8 CH\u1ec8 T\u00c1N X\u1ea0<\/span><\/li>\n<\/ul>\n","protected":false},"featured_media":977,"template":"","meta":[],"product_cat":[52],"product_tag":[388,392,394],"class_list":{"0":"post-1619","1":"product","2":"type-product","3":"status-publish","4":"has-post-thumbnail","6":"product_cat-may-soi-hang-hoa-co-lon-vi","7":"product_tag-air-cago-vi","8":"product_tag-container-vi","9":"product_tag-vehicle-inspection-vi","11":"first","12":"instock","13":"shipping-taxable","14":"product-type-simple"},"aioseo_notices":[],"_links":{"self":[{"href":"http:\/\/hanviet.com.vn\/index.php?rest_route=\/wp\/v2\/product\/1619","targetHints":{"allow":["GET"]}}],"collection":[{"href":"http:\/\/hanviet.com.vn\/index.php?rest_route=\/wp\/v2\/product"}],"about":[{"href":"http:\/\/hanviet.com.vn\/index.php?rest_route=\/wp\/v2\/types\/product"}],"wp:featuredmedia":[{"embeddable":true,"href":"http:\/\/hanviet.com.vn\/index.php?rest_route=\/wp\/v2\/media\/977"}],"wp:attachment":[{"href":"http:\/\/hanviet.com.vn\/index.php?rest_route=%2Fwp%2Fv2%2Fmedia&parent=1619"}],"wp:term":[{"taxonomy":"product_cat","embeddable":true,"href":"http:\/\/hanviet.com.vn\/index.php?rest_route=%2Fwp%2Fv2%2Fproduct_cat&post=1619"},{"taxonomy":"product_tag","embeddable":true,"href":"http:\/\/hanviet.com.vn\/index.php?rest_route=%2Fwp%2Fv2%2Fproduct_tag&post=1619"}],"curies":[{"name":"wp","href":"https:\/\/api.w.org\/{rel}","templated":true}]}}