{"id":1666,"date":"2023-11-17T10:43:52","date_gmt":"2023-11-17T03:43:52","guid":{"rendered":"http:\/\/localhost\/demohanviet\/demo1\/?post_type=product&#038;p=1666"},"modified":"2024-11-14T11:48:46","modified_gmt":"2024-11-14T04:48:46","slug":"eagle-m60-2","status":"publish","type":"product","link":"http:\/\/hanviet.com.vn\/?product=eagle-m60-2","title":{"rendered":"EAGLE\u00ae M60"},"content":{"rendered":"<table style=\"border-collapse: collapse; width: 99.8113%; height: 345px;\">\n<tbody>\n<tr style=\"height: 324px;\">\n<td style=\"width: 25.0198%; text-align: center; height: 324px;\"><span style=\"font-size: 500%;\"><i class=\"fas fa-thumbs-up\"><\/i><\/span><\/td>\n<td style=\"width: 25.1519%; text-align: center; height: 324px;\"><span style=\"font-size: 500%;\"><i class=\"fas fa-thumbs-up\"><\/i><\/span><\/td>\n<td style=\"width: 24.7556%; text-align: center; height: 324px;\"><span style=\"font-size: 500%;\"><i class=\"fas fa-thumbs-up\"><\/i><\/span><\/td>\n<td style=\"width: 29.8606%; text-align: center; height: 324px;\"><span style=\"font-size: 500%;\"><i class=\"fas fa-thumbs-up\"><\/i><\/span><\/td>\n<\/tr>\n<tr style=\"height: 21px;\">\n<td style=\"width: 25.0198%; text-align: center; height: 21px;\">H\u00ccNH \u1ea2NH CH\u1ea4T L\u01af\u1ee2NG CAO<\/td>\n<td style=\"width: 25.1519%; text-align: center; height: 21px;\">NHI\u1ec0U CH\u1ebe \u0110\u1ed8 SOI CHI\u1ebeU<\/td>\n<td style=\"width: 24.7556%; text-align: center; height: 21px;\">C\u00d4NG NGH\u1ec6 CABSCAN T\u00d9Y CH\u1eccN<\/td>\n<td style=\"width: 29.8606%; text-align: center; height: 21px;\">KH\u1ea2 N\u0102NG SOI CHI\u1ebeU V\u1eacT TH\u1ec2 L\u00caN T\u1edaI 5M<\/td>\n<\/tr>\n<\/tbody>\n<\/table>\n<p>&nbsp;<\/p>\n<p><span style=\"color: #0000ff;\"><a style=\"color: #0000ff;\" href=\"http:\/\/hanviet.com.vn\/wp-content\/uploads\/2023\/11\/RapASE-Eagle-M60_DS_VNM.pdf\">EAGLE\u00ae M60 DS VN.PDF<\/a><\/span><\/p>\n","protected":false},"excerpt":{"rendered":"<h4><span style=\"color: #000000;\">H\u1ec7 th\u1ed1ng ki\u1ec3m tra h\u00e0ng h\u00f3a v\u00e0 ph\u01b0\u01a1ng ti\u1ec7n di \u0111\u1ed9ng n\u0103ng l\u01b0\u1ee3ng cao d\u00e0nh cho c\u00e1c \u1ee9ng d\u1ee5ng an ninh v\u00e0 th\u00f4ng quan t\u1ea1i c\u1ea3ng, bi\u00ean gi\u1edbi v\u00e0 tr\u1ea1m ki\u1ec3m so\u00e1t ven \u0111\u01b0\u1eddng.<\/span><\/h4>\n<ul>\n<li><span style=\"color: #000000;\">L\u00dd T\u01af\u1edeNG \u0110\u1ec2 KI\u1ec2M TRA H\u00c0NG H\u00d3A D\u00c0Y \u0110\u1eb6C<\/span><\/li>\n<li><span style=\"color: #000000;\">H\u1ed6 TR\u1ee2 NG\u01af\u1edcI V\u1eacN H\u00c0NH PH\u00c2N BI\u1ec6T GI\u1eeeA C\u00c1C V\u1eacT TH\u1ec2 C\u00d3 M\u1eacT \u0110\u1ed8 TH\u1ea4P V\u00c0 M\u1eacT \u0110\u1ed8 CAO<\/span><\/li>\n<li><span style=\"color: #000000;\">TRI\u1ec2N KHAI NHANH CH\u00d3NG, LINH HO\u1ea0T<\/span><\/li>\n<li><span style=\"color: #000000;\">GI\u1ea2M CHI PH\u00cd V\u1eacN H\u00c0NH V\u1edaI CH\u1ebe \u0110\u1ed8 KH\u00d4NG NG\u01af\u1edcI L\u00c1I T\u00d9Y CH\u1eccN<\/span><\/li>\n<\/ul>\n<p>&nbsp;<\/p>\n","protected":false},"featured_media":978,"template":"","meta":[],"product_cat":[52],"product_tag":[388,392,394],"class_list":{"0":"post-1666","1":"product","2":"type-product","3":"status-publish","4":"has-post-thumbnail","6":"product_cat-may-soi-hang-hoa-co-lon-vi","7":"product_tag-air-cago-vi","8":"product_tag-container-vi","9":"product_tag-vehicle-inspection-vi","11":"first","12":"instock","13":"shipping-taxable","14":"product-type-simple"},"aioseo_notices":[],"_links":{"self":[{"href":"http:\/\/hanviet.com.vn\/index.php?rest_route=\/wp\/v2\/product\/1666","targetHints":{"allow":["GET"]}}],"collection":[{"href":"http:\/\/hanviet.com.vn\/index.php?rest_route=\/wp\/v2\/product"}],"about":[{"href":"http:\/\/hanviet.com.vn\/index.php?rest_route=\/wp\/v2\/types\/product"}],"wp:featuredmedia":[{"embeddable":true,"href":"http:\/\/hanviet.com.vn\/index.php?rest_route=\/wp\/v2\/media\/978"}],"wp:attachment":[{"href":"http:\/\/hanviet.com.vn\/index.php?rest_route=%2Fwp%2Fv2%2Fmedia&parent=1666"}],"wp:term":[{"taxonomy":"product_cat","embeddable":true,"href":"http:\/\/hanviet.com.vn\/index.php?rest_route=%2Fwp%2Fv2%2Fproduct_cat&post=1666"},{"taxonomy":"product_tag","embeddable":true,"href":"http:\/\/hanviet.com.vn\/index.php?rest_route=%2Fwp%2Fv2%2Fproduct_tag&post=1666"}],"curies":[{"name":"wp","href":"https:\/\/api.w.org\/{rel}","templated":true}]}}