{"id":1669,"date":"2023-11-17T11:02:14","date_gmt":"2023-11-17T04:02:14","guid":{"rendered":"http:\/\/localhost\/demohanviet\/demo1\/?post_type=product&#038;p=1669"},"modified":"2024-11-14T11:46:43","modified_gmt":"2024-11-14T04:46:43","slug":"eagle-t60-2","status":"publish","type":"product","link":"http:\/\/hanviet.com.vn\/?product=eagle-t60-2","title":{"rendered":"EAGLE\u00ae T60"},"content":{"rendered":"<table style=\"border-collapse: collapse; width: 100%;\">\n<tbody>\n<tr>\n<td style=\"width: 25%; text-align: center;\"><span style=\"font-size: 500%;\"><i class=\"fas fa-thumbs-up\"><\/i><\/span><\/td>\n<td style=\"width: 25%; text-align: center;\"><span style=\"font-size: 500%;\"><i class=\"fas fa-thumbs-up\"><\/i><\/span><\/td>\n<td style=\"width: 25%; text-align: center;\"><span style=\"font-size: 500%;\"><i class=\"fas fa-thumbs-up\"><\/i><\/span><\/td>\n<td style=\"width: 25%; text-align: center;\"><span style=\"font-size: 500%;\"><i class=\"fas fa-thumbs-up\"><\/i><\/span><\/td>\n<\/tr>\n<tr>\n<td style=\"width: 25%; text-align: center;\">KI\u1ec2M TRA N\u0102NG L\u01af\u1ee2NG CAO V\u1edaI H\u00ccNH \u1ea2NH 6 MEV<\/td>\n<td style=\"width: 25%; text-align: center;\">S\u00c0NG L\u1eccC T\u1edaI 80 XE T\u1ea2I M\u1ed6I GI\u1edc \u1ede CH\u1ebe \u0110\u1ed8 C\u1ed4NG T\u00d9Y CH\u1eccN<\/td>\n<td style=\"width: 25%; text-align: center;\">KHOANG V\u1eacN H\u00c0NH TR\u00caN XE C\u00d3 TH\u1ec2 CH\u1ee8A T\u1ed0I \u0110A 4 NG\u01af\u1edcI V\u1eacN H\u00c0NH<\/td>\n<td style=\"width: 25%; text-align: center;\">THI\u1ebeT B\u1eca D\u1ec4 D\u00c0NG K\u00c9O V\u00c0 TRI\u1ec2N KHAI<\/td>\n<\/tr>\n<\/tbody>\n<\/table>\n<p>&nbsp;<\/p>\n<p><span style=\"color: #0000ff;\"><a style=\"color: #0000ff;\" href=\"http:\/\/hanviet.com.vn\/wp-content\/uploads\/2023\/11\/RapASE-T60-II-DS_VN.pdf\">EAGLE\u00ae T60 DS VN.PDF<\/a><\/span><\/p>\n","protected":false},"excerpt":{"rendered":"<h4><span style=\"color: #000000;\">H\u1ec7 th\u1ed1ng ki\u1ec3m tra xe g\u1eafn tr\u00ean xe k\u00e9o, n\u0103ng l\u01b0\u1ee3ng cao \u0111\u1ec3 \u0111\u1ea3m b\u1ea3o an ninh v\u00e0 th\u00f4ng quan t\u1ea1i c\u00e1c c\u1ea3ng v\u00e0 bi\u00ean gi\u1edbi.<\/span><\/h4>\n<ul>\n<li><span style=\"color: #000000;\">GI\u1ea2I PH\u00c1P S\u00c0NG L\u1eccC NHANH CH\u00d3NG, HI\u1ec6U QU\u1ea2<\/span><\/li>\n<li><span style=\"color: #000000;\">HO\u1ea0T \u0110\u1ed8NG TH\u00d4NG L\u01af\u1ee2NG CAO<\/span><\/li>\n<li><span style=\"color: #000000;\">CH\u1ebe \u0110\u1ed8 C\u1ed4NG TH\u00d4NG TIN T\u00d9Y CH\u1eccN V\u00c0 C\u00d4NG NGH\u1ec6 CABSCAN<\/span><\/li>\n<li><span style=\"color: #000000;\">S\u00c0NG L\u1eccC AN TO\u00c0N PH\u01af\u01a0NG TI\u1ec6N V\u00c0 H\u00c0NG H\u00d3A<\/span><\/li>\n<li><span style=\"color: #000000;\">L\u00dd T\u01af\u1edeNG CHO C\u00c1C \u1ee8NG D\u1ee4NG C\u00d3 Y\u00caU C\u1ea6U HO\u1ea0T \u0110\u1ed8NG THAY \u0110\u1ed4I<\/span><\/li>\n<\/ul>\n<p>&nbsp;<\/p>\n","protected":false},"featured_media":982,"template":"","meta":[],"product_cat":[52],"product_tag":[388,392,394],"class_list":{"0":"post-1669","1":"product","2":"type-product","3":"status-publish","4":"has-post-thumbnail","6":"product_cat-may-soi-hang-hoa-co-lon-vi","7":"product_tag-air-cago-vi","8":"product_tag-container-vi","9":"product_tag-vehicle-inspection-vi","11":"first","12":"instock","13":"featured","14":"shipping-taxable","15":"product-type-simple"},"aioseo_notices":[],"_links":{"self":[{"href":"http:\/\/hanviet.com.vn\/index.php?rest_route=\/wp\/v2\/product\/1669","targetHints":{"allow":["GET"]}}],"collection":[{"href":"http:\/\/hanviet.com.vn\/index.php?rest_route=\/wp\/v2\/product"}],"about":[{"href":"http:\/\/hanviet.com.vn\/index.php?rest_route=\/wp\/v2\/types\/product"}],"wp:featuredmedia":[{"embeddable":true,"href":"http:\/\/hanviet.com.vn\/index.php?rest_route=\/wp\/v2\/media\/982"}],"wp:attachment":[{"href":"http:\/\/hanviet.com.vn\/index.php?rest_route=%2Fwp%2Fv2%2Fmedia&parent=1669"}],"wp:term":[{"taxonomy":"product_cat","embeddable":true,"href":"http:\/\/hanviet.com.vn\/index.php?rest_route=%2Fwp%2Fv2%2Fproduct_cat&post=1669"},{"taxonomy":"product_tag","embeddable":true,"href":"http:\/\/hanviet.com.vn\/index.php?rest_route=%2Fwp%2Fv2%2Fproduct_tag&post=1669"}],"curies":[{"name":"wp","href":"https:\/\/api.w.org\/{rel}","templated":true}]}}