{"id":1674,"date":"2023-11-17T11:16:11","date_gmt":"2023-11-17T04:16:11","guid":{"rendered":"http:\/\/localhost\/demohanviet\/demo1\/?post_type=product&#038;p=1674"},"modified":"2024-11-14T11:44:50","modified_gmt":"2024-11-14T04:44:50","slug":"eagle-t60-zbx-2","status":"publish","type":"product","link":"http:\/\/hanviet.com.vn\/?product=eagle-t60-zbx-2","title":{"rendered":"EAGLE\u00ae T60 ZBX"},"content":{"rendered":"<table style=\"border-collapse: collapse; width: 100%;\">\n<tbody>\n<tr>\n<td style=\"width: 50%; text-align: center;\"><span style=\"font-size: 500%;\"><i class=\"fas fa-thumbs-up\"><\/i><\/span><\/td>\n<td style=\"width: 50%; text-align: center;\"><span style=\"font-size: 500%;\"><i class=\"fas fa-thumbs-up\"><\/i><\/span><\/td>\n<\/tr>\n<tr>\n<td style=\"width: 50%; text-align: center;\">CH\u1ebe \u0110\u1ed8 C\u1ed4NG TH\u00d4NG TIN T\u00d9Y CH\u1eccN \u0110\u1ec2 S\u00c0NG L\u1eccC PH\u01af\u01a0NG TI\u1ec6N V\u00c0 H\u00c0NG H\u00d3A M\u1ed8T C\u00c1CH AN TO\u00c0N<\/td>\n<td style=\"width: 50%; text-align: center;\">D\u1ec4 D\u00c0NG K\u00c9O V\u00c0 TRI\u1ec2N KHAI<\/td>\n<\/tr>\n<\/tbody>\n<\/table>\n<p>&nbsp;<\/p>\n<p><span style=\"color: #0000ff;\"><a style=\"color: #0000ff;\" href=\"http:\/\/hanviet.com.vn\/wp-content\/uploads\/2023\/12\/RapASE-T60-ZBx_DS-VN.pdf\">EAGLE\u00ae T60 ZBX.PDF<\/a><\/span><\/p>\n<p>&nbsp;<\/p>\n","protected":false},"excerpt":{"rendered":"<h3><span style=\"color: #000000;\">\u00a0H\u1ec7 th\u1ed1ng ki\u1ec3m tra h\u00e0ng h\u00f3a \u0111a c\u00f4ng ngh\u1ec7, g\u1eafn tr\u00ean r\u01a1 mooc<\/span><\/h3>\n<ul>\n<li><span style=\"color: #000000;\">H\u00ccNH \u1ea2NH HI\u1ec6U SU\u1ea4T CAO, 6 MEV V\u1edaI KH\u1ea2 N\u0102NG PH\u00c2N BI\u1ec6T V\u1eacT LI\u1ec6U<\/span><\/li>\n<li><span style=\"color: #000000;\">C\u00d4NG NGH\u1ec6 Z BACKSCATTER \u0110\u1ec2 T\u0102NG C\u01af\u1edcNG PH\u00c1T HI\u1ec6N C\u00c1C M\u1ed0I \u0110E D\u1eccA H\u1eeeU C\u01a0 V\u00c0 H\u00c0NG L\u1eacU NH\u01af MA T\u00daY, TI\u1ec0N T\u1ec6, THU\u1ed0C L\u00c1, R\u01af\u1ee2U V\u00c0 CH\u1ea4T N\u1ed4<\/span><\/li>\n<li><span style=\"color: #000000;\">QU\u00c9T H\u00c0NG H\u00d3A C\u1ed0 \u0110\u1ecaNH \u1ede CH\u1ebe \u0110\u1ed8 L\u00c1I T\u1ef0 \u0110\u1ed8NG<\/span><\/li>\n<\/ul>\n<p>&nbsp;<\/p>\n","protected":false},"featured_media":981,"template":"","meta":[],"product_cat":[52],"product_tag":[388,470,392,473,394],"class_list":{"0":"post-1674","1":"product","2":"type-product","3":"status-publish","4":"has-post-thumbnail","6":"product_cat-may-soi-hang-hoa-co-lon-vi","7":"product_tag-air-cago-vi","8":"product_tag-ase-vi","9":"product_tag-container-vi","10":"product_tag-rapiscan-vi","11":"product_tag-vehicle-inspection-vi","13":"first","14":"instock","15":"shipping-taxable","16":"product-type-simple"},"aioseo_notices":[],"_links":{"self":[{"href":"http:\/\/hanviet.com.vn\/index.php?rest_route=\/wp\/v2\/product\/1674","targetHints":{"allow":["GET"]}}],"collection":[{"href":"http:\/\/hanviet.com.vn\/index.php?rest_route=\/wp\/v2\/product"}],"about":[{"href":"http:\/\/hanviet.com.vn\/index.php?rest_route=\/wp\/v2\/types\/product"}],"wp:featuredmedia":[{"embeddable":true,"href":"http:\/\/hanviet.com.vn\/index.php?rest_route=\/wp\/v2\/media\/981"}],"wp:attachment":[{"href":"http:\/\/hanviet.com.vn\/index.php?rest_route=%2Fwp%2Fv2%2Fmedia&parent=1674"}],"wp:term":[{"taxonomy":"product_cat","embeddable":true,"href":"http:\/\/hanviet.com.vn\/index.php?rest_route=%2Fwp%2Fv2%2Fproduct_cat&post=1674"},{"taxonomy":"product_tag","embeddable":true,"href":"http:\/\/hanviet.com.vn\/index.php?rest_route=%2Fwp%2Fv2%2Fproduct_tag&post=1674"}],"curies":[{"name":"wp","href":"https:\/\/api.w.org\/{rel}","templated":true}]}}