{"id":1676,"date":"2023-11-17T09:54:20","date_gmt":"2023-11-17T02:54:20","guid":{"rendered":"http:\/\/localhost\/demohanviet\/demo1\/?post_type=product&#038;p=1676"},"modified":"2024-11-14T11:52:05","modified_gmt":"2024-11-14T04:52:05","slug":"carview-2","status":"publish","type":"product","link":"http:\/\/hanviet.com.vn\/?product=carview-2","title":{"rendered":"CARVIEW\u00ae"},"content":{"rendered":"<p><img decoding=\"async\" class=\"aligncenter wp-image-1518\" src=\"http:\/\/localhost\/demohanviet\/demo1\/wp-content\/uploads\/2023\/11\/Logo-Rapiscan-AS_E-1024x349.png\" alt=\"\" width=\"360\" height=\"123\" srcset=\"http:\/\/hanviet.com.vn\/wp-content\/uploads\/2023\/11\/Logo-Rapiscan-AS_E-1024x349.png 1024w, http:\/\/hanviet.com.vn\/wp-content\/uploads\/2023\/11\/Logo-Rapiscan-AS_E-500x171.png 500w, http:\/\/hanviet.com.vn\/wp-content\/uploads\/2023\/11\/Logo-Rapiscan-AS_E-768x262.png 768w, http:\/\/hanviet.com.vn\/wp-content\/uploads\/2023\/11\/Logo-Rapiscan-AS_E.png 1252w\" sizes=\"(max-width: 360px) 100vw, 360px\" \/><\/p>\n<p><span style=\"color: #0000ff;\"><a style=\"color: #0000ff;\" href=\"http:\/\/hanviet.com.vn\/wp-content\/uploads\/2023\/11\/2.-CarView-TV.pdf\">CarView &#8211; TV.PDF<\/a><\/span><\/p>\n","protected":false},"excerpt":{"rendered":"<p><span style=\"color: #000000;\">\u0110A C\u00d4NG NGH\u1ec6, H\u1ec6 TH\u1ed0NG KI\u1ec2M TRA XE \u00d4 T\u00d4 H\u00c0NG \u0110\u1ea6U <\/span><\/p>\n<ul>\n<li><span style=\"color: #000000;\">Th\u00f4ng l\u01b0\u1ee3ng cao, l\u00e1i qua \u0111\u1ec3 soi chi\u1ebfu<\/span><\/li>\n<li><span style=\"color: #000000;\">H\u1ec7 th\u1ed1ng \u0111a c\u00f4ng ngh\u1ec7 ph\u00e1t hi\u1ec7n c\u00e1c m\u1ed1i \u0111e d\u1ecda<\/span><\/li>\n<li><span style=\"color: #000000;\">Ch\u00e2n \u0111\u1ee1 nh\u1ecf<\/span><\/li>\n<li><span style=\"color: #000000;\">C\u00f3 kh\u1ea3 n\u0103ng di chuy\u1ec3n cao<\/span><\/li>\n<\/ul>\n<p><span style=\"color: #000000;\">AS&amp;E CarView\u2122 Portal cung c\u1ea5p kh\u1ea3 n\u0103ng soi chi\u1ebfu \u0111a c\u00f4ng ngh\u1ec7, th\u00f4ng l\u01b0\u1ee3ng cao cho c\u00e1c ph\u01b0\u01a1ng ti\u1ec7n v\u1eadn t\u1ea3i h\u00e0nh kh\u00e1ch, gi\u00fap ng\u01b0\u1eddi \u0111i\u1ec1u khi\u1ec3n ph\u00e1t hi\u1ec7n c\u00e1c m\u1ed1i \u0111e d\u1ecda v\u00e0 ng\u0103n ch\u1eb7n ch\u00fang v\u01b0\u1ee3t qua ranh gi\u1edbi v\u00e0 \u0111i v\u00e0o c\u00e1c c\u01a1 s\u1edf an to\u00e0n<\/span><\/p>\n","protected":false},"featured_media":974,"template":"","meta":[],"product_cat":[52],"product_tag":[388,392,394],"class_list":{"0":"post-1676","1":"product","2":"type-product","3":"status-publish","4":"has-post-thumbnail","6":"product_cat-may-soi-hang-hoa-co-lon-vi","7":"product_tag-air-cago-vi","8":"product_tag-container-vi","9":"product_tag-vehicle-inspection-vi","11":"first","12":"instock","13":"shipping-taxable","14":"product-type-simple"},"aioseo_notices":[],"_links":{"self":[{"href":"http:\/\/hanviet.com.vn\/index.php?rest_route=\/wp\/v2\/product\/1676","targetHints":{"allow":["GET"]}}],"collection":[{"href":"http:\/\/hanviet.com.vn\/index.php?rest_route=\/wp\/v2\/product"}],"about":[{"href":"http:\/\/hanviet.com.vn\/index.php?rest_route=\/wp\/v2\/types\/product"}],"wp:featuredmedia":[{"embeddable":true,"href":"http:\/\/hanviet.com.vn\/index.php?rest_route=\/wp\/v2\/media\/974"}],"wp:attachment":[{"href":"http:\/\/hanviet.com.vn\/index.php?rest_route=%2Fwp%2Fv2%2Fmedia&parent=1676"}],"wp:term":[{"taxonomy":"product_cat","embeddable":true,"href":"http:\/\/hanviet.com.vn\/index.php?rest_route=%2Fwp%2Fv2%2Fproduct_cat&post=1676"},{"taxonomy":"product_tag","embeddable":true,"href":"http:\/\/hanviet.com.vn\/index.php?rest_route=%2Fwp%2Fv2%2Fproduct_tag&post=1676"}],"curies":[{"name":"wp","href":"https:\/\/api.w.org\/{rel}","templated":true}]}}