{"id":1677,"date":"2023-11-17T14:27:52","date_gmt":"2023-11-17T07:27:52","guid":{"rendered":"http:\/\/localhost\/demohanviet\/demo1\/?post_type=product&#038;p=1677"},"modified":"2024-11-14T11:43:37","modified_gmt":"2024-11-14T04:43:37","slug":"eagle-p60-zbx-2","status":"publish","type":"product","link":"http:\/\/hanviet.com.vn\/?product=eagle-p60-zbx-2","title":{"rendered":"EAGLE\u00ae P60 ZBx"},"content":{"rendered":"<table style=\"border-collapse: collapse; width: 100%;\">\n<tbody>\n<tr>\n<td style=\"width: 25%; text-align: center;\"><span style=\"font-size: 500%;\"><i class=\"fas fa-thumbs-up\"><\/i><\/span><\/td>\n<td style=\"width: 25%; text-align: center;\"><span style=\"font-size: 500%;\"><i class=\"fas fa-thumbs-up\"><\/i><\/span><\/td>\n<td style=\"width: 25%; text-align: center;\"><span style=\"font-size: 500%;\"><i class=\"fas fa-thumbs-up\"><\/i><\/span><\/td>\n<td style=\"width: 25%; text-align: center;\"><span style=\"font-size: 500%;\"><i class=\"fas fa-thumbs-up\"><\/i><\/span><\/td>\n<\/tr>\n<tr>\n<td style=\"width: 25%; text-align: center;\">H\u00ccNH \u1ea2NH TRUY\u1ec0N HI\u1ec6U SU\u1ea4T CAO<\/td>\n<td style=\"width: 25%; text-align: center;\">CH\u1ee4P \u1ea2NH T\u00c1N X\u1ea0 NG\u01af\u1ee2C Z CHO H\u00ccNH \u1ea2NH GI\u1ed0NG NH\u01af \u1ea2NH<\/td>\n<td style=\"width: 25%; text-align: center;\">QU\u00c9T T\u1edaI 100 XE M\u1ed6I GI\u1edc<\/td>\n<td style=\"width: 25%; text-align: center;\">QU\u00c9T AN TO\u00c0N C\u00c1C PH\u01af\u01a0NG TI\u1ec6N<\/td>\n<\/tr>\n<\/tbody>\n<\/table>\n<p>&nbsp;<\/p>\n<p><span style=\"color: #0000ff;\"><a style=\"color: #0000ff;\" href=\"http:\/\/hanviet.com.vn\/wp-content\/uploads\/2023\/12\/RapASE-Eagle-P60-ZBx-DS-VN.pdf\">EAGLE\u00ae P60 ZBx.PDF<\/a><\/span><\/p>\n","protected":false},"excerpt":{"rendered":"<h3><span style=\"color: #000000;\">H\u1ec7 th\u1ed1ng ki\u1ec3m tra h\u00e0ng h\u00f3a v\u00e0 ph\u01b0\u01a1ng ti\u1ec7n s\u1eed d\u1ee5ng n\u0103ng l\u01b0\u1ee3ng cao \u0111\u1ec3 ki\u1ec3m tra an ninh v\u00e0 th\u00f4ng quan t\u1ea1i c\u00e1c c\u1ea3ng v\u00e0 bi\u00ean gi\u1edbi.<\/span><\/h3>\n<ul>\n<li><span style=\"color: #000000;\">KI\u1ec2M TRA K\u1ef8 L\u01af\u1ee0NG C\u00c1C CONTAINER C\u00d3 T\u1ea2I D\u00c0Y \u0110\u1eb6C<\/span><\/li>\n<li><span style=\"color: #000000;\">T\u0102NG C\u01af\u1edcNG PH\u00c1T HI\u1ec6N C\u00c1C M\u1ed0I \u0110E D\u1eccA H\u1eeeU C\u01a0 V\u00c0 H\u00c0NG L\u1eacU NH\u01af MA T\u00daY, TI\u1ec0N T\u1ec6, THU\u1ed0C L\u00c1, R\u01af\u1ee2U V\u00c0 CH\u1ea4T N\u1ed4<\/span><\/li>\n<li><span style=\"color: #000000;\">C\u00d4NG NGH\u1ec6 MULTI-VIEW CUNG C\u1ea4P 4 H\u00ccNH \u1ea2NH \u0110\u1ec2 KI\u1ec2M TRA TO\u00c0N DI\u1ec6N<\/span><\/li>\n<li><span style=\"color: #000000;\">HO\u1ea0T \u0110\u1ed8NG TH\u00d4NG L\u01af\u1ee2NG CAO<\/span><\/li>\n<\/ul>\n","protected":false},"featured_media":979,"template":"","meta":[],"product_cat":[52],"product_tag":[388,470,392,473,394],"class_list":{"0":"post-1677","1":"product","2":"type-product","3":"status-publish","4":"has-post-thumbnail","6":"product_cat-may-soi-hang-hoa-co-lon-vi","7":"product_tag-air-cago-vi","8":"product_tag-ase-vi","9":"product_tag-container-vi","10":"product_tag-rapiscan-vi","11":"product_tag-vehicle-inspection-vi","13":"first","14":"instock","15":"shipping-taxable","16":"product-type-simple"},"aioseo_notices":[],"_links":{"self":[{"href":"http:\/\/hanviet.com.vn\/index.php?rest_route=\/wp\/v2\/product\/1677","targetHints":{"allow":["GET"]}}],"collection":[{"href":"http:\/\/hanviet.com.vn\/index.php?rest_route=\/wp\/v2\/product"}],"about":[{"href":"http:\/\/hanviet.com.vn\/index.php?rest_route=\/wp\/v2\/types\/product"}],"wp:featuredmedia":[{"embeddable":true,"href":"http:\/\/hanviet.com.vn\/index.php?rest_route=\/wp\/v2\/media\/979"}],"wp:attachment":[{"href":"http:\/\/hanviet.com.vn\/index.php?rest_route=%2Fwp%2Fv2%2Fmedia&parent=1677"}],"wp:term":[{"taxonomy":"product_cat","embeddable":true,"href":"http:\/\/hanviet.com.vn\/index.php?rest_route=%2Fwp%2Fv2%2Fproduct_cat&post=1677"},{"taxonomy":"product_tag","embeddable":true,"href":"http:\/\/hanviet.com.vn\/index.php?rest_route=%2Fwp%2Fv2%2Fproduct_tag&post=1677"}],"curies":[{"name":"wp","href":"https:\/\/api.w.org\/{rel}","templated":true}]}}