{"id":1678,"date":"2023-11-17T14:42:50","date_gmt":"2023-11-17T07:42:50","guid":{"rendered":"http:\/\/localhost\/demohanviet\/demo1\/?post_type=product&#038;p=1678"},"modified":"2024-11-14T11:41:40","modified_gmt":"2024-11-14T04:41:40","slug":"eagle-g60-zbx-2","status":"publish","type":"product","link":"http:\/\/hanviet.com.vn\/?product=eagle-g60-zbx-2","title":{"rendered":"EAGLE\u00ae G60 ZBX"},"content":{"rendered":"<p><span style=\"color: #000000;\">H\u1ec7 th\u1ed1ng ki\u1ec3m tra h\u00e0ng h\u00f3a v\u00e0 ph\u01b0\u01a1ng ti\u1ec7n \u0111a c\u00f4ng ngh\u1ec7, \u0111a g\u00f3c nh\u00ecn Eagle\u00ae G60 ZBx cung c\u1ea5p h\u00ecnh \u1ea3nh ch\u1ea5t l\u01b0\u1ee3ng v\u00e0 c\u00f4ng ngh\u1ec7 cao Z Backscatter\u00ae \u0111\u1ec3 ki\u1ec3m tra chi ti\u1ebft h\u00e0ng h\u00f3a v\u00e0 container. H\u1ec7 th\u1ed1ng d\u1ef1a tr\u00ean c\u1ed5ng Eagle G60 ZBx c\u00f3 h\u00ecnh \u1ea3nh truy\u1ec1n 6 MeV m\u1ea1nh m\u1ebd t\u1ea1o ra h\u00ecnh \u1ea3nh c\u00f3 m\u00e0u s\u1eafc, \u0111\u1ed9 ph\u00e2n gi\u1ea3i cao, cho ph\u00e9p c\u00e1c nh\u00e0 ph\u00e2n t\u00edch ph\u00e2n bi\u1ec7t tr\u1ef1c quan c\u00e1c lo\u1ea1i v\u1eadt li\u1ec7u \u0111\u1ec3 x\u00e1c th\u1ef1c t\u1ed1t h\u01a1n c\u00e1c b\u1ea3n k\u00ea khai. \u0110\u1ed3ng th\u1eddi, h\u1ec7 th\u1ed1ng ch\u1ee5p c\u00e1c h\u00ecnh \u1ea3nh Z Backscatter gi\u1ed1ng nh\u01b0 \u1ea3nh t\u1eeb ba g\u00f3c nh\u00ecn \u0111\u1ec3 ch\u1ee5p \u1ea3nh h\u00e0ng h\u00f3a b\u00ean tr\u00e1i, b\u00ean ph\u1ea3i v\u00e0 ph\u00eda tr\u00ean, l\u00e0m n\u1ed5i b\u1eadt c\u00e1c m\u1ed1i \u0111e d\u1ecda h\u1eefu c\u01a1 nh\u01b0 ch\u1ea5t n\u1ed5 v\u00e0 ng\u01b0\u1eddi tr\u1ed1n theo t\u00e0u. S\u1ef1 k\u1ebft h\u1ee3p c\u1ee7a c\u00e1c c\u00f4ng ngh\u1ec7 cung c\u1ea5p c\u00e1i nh\u00ecn to\u00e0n di\u1ec7n v\u1ec1 h\u00e0ng h\u00f3a \u0111\u01b0\u1ee3c qu\u00e9t \u0111\u1ec3 x\u00e1c minh b\u1ea3n k\u00ea khai v\u00e0 ph\u00e1t hi\u1ec7n h\u00e0ng l\u1eadu hi\u1ec7u qu\u1ea3<\/span><\/p>\n<p><span style=\"color: #0000ff;\"><a style=\"color: #0000ff;\" href=\"http:\/\/hanviet.com.vn\/wp-content\/uploads\/2023\/12\/Eagle-G60-ZBx-DS-VN.pdf\">EAGLE G60 ZBX VN.PDF<\/a><\/span><\/p>\n","protected":false},"excerpt":{"rendered":"<h3><span style=\"color: #000000;\">H\u1ec7 th\u1ed1ng ki\u1ec3m tra h\u00e0ng h\u00f3a g\u1eafn tr\u00ean gi\u00e0n, n\u0103ng l\u01b0\u1ee3ng cao, \u0111a g\u00f3c nh\u00ecn<\/span><\/h3>\n<ul>\n<li><span style=\"color: #000000;\">H\u00ccNH \u1ea2NH TRUY\u1ec0N D\u1eaaN 6 MEV N\u0102NG L\u01af\u1ee2NG CAO \u0110\u1ec2 XUY\u00caN QUA H\u00c0NG H\u00d3A D\u00c0Y \u0110\u1eb6C<\/span><\/li>\n<li><span style=\"color: #000000;\">PH\u00c2N BI\u1ec6T V\u1eacT LI\u1ec6U BA M\u00c0U \u0110\u1ec2 H\u1ed6 TR\u1ee2 PH\u00c2N T\u00cdCH H\u00ccNH \u1ea2NH<\/span><\/li>\n<li><span style=\"color: #000000;\">H\u00ccNH \u1ea2NH T\u00c1N X\u1ea0 NG\u01af\u1ee2C Z \u0110A M\u1eb6T \u0110\u1ec2 C\u1ea2I THI\u1ec6N KH\u1ea2 N\u0102NG PH\u00c1T HI\u1ec6N C\u00c1C V\u1eacT LI\u1ec6U H\u1eeeU C\u01a0<\/span><\/li>\n<\/ul>\n<p>&nbsp;<\/p>\n","protected":false},"featured_media":1835,"template":"","meta":[],"product_cat":[52],"product_tag":[388,470,392,473,394],"class_list":{"0":"post-1678","1":"product","2":"type-product","3":"status-publish","4":"has-post-thumbnail","6":"product_cat-may-soi-hang-hoa-co-lon-vi","7":"product_tag-air-cago-vi","8":"product_tag-ase-vi","9":"product_tag-container-vi","10":"product_tag-rapiscan-vi","11":"product_tag-vehicle-inspection-vi","13":"first","14":"instock","15":"shipping-taxable","16":"product-type-simple"},"aioseo_notices":[],"_links":{"self":[{"href":"http:\/\/hanviet.com.vn\/index.php?rest_route=\/wp\/v2\/product\/1678","targetHints":{"allow":["GET"]}}],"collection":[{"href":"http:\/\/hanviet.com.vn\/index.php?rest_route=\/wp\/v2\/product"}],"about":[{"href":"http:\/\/hanviet.com.vn\/index.php?rest_route=\/wp\/v2\/types\/product"}],"wp:featuredmedia":[{"embeddable":true,"href":"http:\/\/hanviet.com.vn\/index.php?rest_route=\/wp\/v2\/media\/1835"}],"wp:attachment":[{"href":"http:\/\/hanviet.com.vn\/index.php?rest_route=%2Fwp%2Fv2%2Fmedia&parent=1678"}],"wp:term":[{"taxonomy":"product_cat","embeddable":true,"href":"http:\/\/hanviet.com.vn\/index.php?rest_route=%2Fwp%2Fv2%2Fproduct_cat&post=1678"},{"taxonomy":"product_tag","embeddable":true,"href":"http:\/\/hanviet.com.vn\/index.php?rest_route=%2Fwp%2Fv2%2Fproduct_tag&post=1678"}],"curies":[{"name":"wp","href":"https:\/\/api.w.org\/{rel}","templated":true}]}}