{"id":1696,"date":"2023-12-01T15:19:58","date_gmt":"2023-12-01T08:19:58","guid":{"rendered":"http:\/\/localhost\/demohanviet\/demo1\/?post_type=product&#038;p=1696"},"modified":"2024-11-14T11:40:53","modified_gmt":"2024-11-14T04:40:53","slug":"eagle-t25-2","status":"publish","type":"product","link":"http:\/\/hanviet.com.vn\/?product=eagle-t25-2","title":{"rendered":"EAGLE\u00ae T25"},"content":{"rendered":"<p><span style=\"color: #000000;\">Eagle\u00ae T25 l\u00e0 m\u1ed9t h\u1ec7 th\u1ed1ng ki\u1ec3m tra xe \u0111i xuy\u00ean qua, g\u1eafn tr\u00ean r\u01a1-mo\u00f3c v\u1edbi kh\u1ea3 n\u0103ng ph\u00e2n bi\u1ec7t v\u1eadt li\u1ec7u \u0111\u1ec3 s\u00e0ng l\u1ecdc hi\u1ec7u qu\u1ea3 h\u00e0ng h\u00f3a nh\u1eb1m <\/span><br \/>\n<span style=\"color: #000000;\">ph\u00e1t hi\u1ec7n c\u00e1c m\u1ed1i \u0111e d\u1ecda v\u00e0 h\u00e0ng l\u1eadu. Thi\u1ebft b\u1ecb ho\u00e0n to\u00e0n kh\u00e9p k\u00edn c\u00f3 th\u1ec3 \u0111\u01b0\u1ee3c k\u00e9o d\u1ec5 d\u00e0ng v\u00e0 tri\u1ec3n khai nhanh ch\u00f3ng. H\u1ec7 th\u1ed1ng cung c\u1ea5p <\/span><br \/>\n<span style=\"color: #000000;\">ho\u1ea1t \u0111\u1ed9ng \u1edf ch\u1ebf \u0111\u1ed9 c\u1ed5ng th\u00f4ng tin v\u1edbi t\u00ednh n\u0103ng lo\u1ea1i tr\u1eeb cabin t\u1ef1 \u0111\u1ed9ng ho\u1eb7c ch\u1ebf \u0111\u1ed9 CabScan\u00ae t\u00f9y ch\u1ecdn \u0111\u1ec3 ch\u1ee5p \u1ea3nh to\u00e0n b\u1ed9 chi\u1ebfc xe. C\u00e1c <\/span><br \/>\n<span style=\"color: #000000;\">ph\u01b0\u01a1ng ti\u1ec7n \u0111\u01b0\u1ee3c qu\u00e9t khi l\u00e1i qua khoang soi v\u1edbi t\u1ed1c \u0111\u1ed9 3\u20138 km\/gi\u1edd (2\u20135 d\u1eb7m\/gi\u1edd). <\/span><br \/>\n<span style=\"color: #000000;\">Eagle T25 qu\u00e9t c\u00e1c ph\u01b0\u01a1ng ti\u1ec7n c\u00f3 chi\u1ec1u cao l\u00ean t\u1edbi 4,6 m\u00e9t v\u00e0 chi\u1ec1u r\u1ed9ng 2,8 m\u00e9t m\u00e0 kh\u00f4ng b\u1ecb c\u1eaft g\u00f3c.H\u1ec7 th\u1ed1ng n\u00e0y \u0111\u01b0\u1ee3c x\u00e2y d\u1ef1ng tr\u00ean <\/span><span style=\"color: #000000;\">khung g\u1ea7m xe mo\u00f3c khung ch\u1eafc ch\u1eafn, ch\u1ecbu t\u1ea3i n\u1eb7ng, c\u00f3 s\u1eb5n tr\u00ean th\u1ecb tr\u01b0\u1eddng v\u1edbi 2 tr\u1ee5c sau. \u0110\u1ec3 t\u0103ng th\u00eam s\u1ef1 an to\u00e0n cho nh\u00e2n vi\u00ean, Eagle T25 c\u00f3 th\u1ec3 \u0111\u01b0\u1ee3c v\u1eadn h\u00e0nh c\u00e1ch h\u1ec7 th\u1ed1ng 100 m\u00e9t b\u1eb1ng c\u00e1p Ethernet b\u1ecdc th\u00e9p ho\u1eb7c t\u00f9y ch\u1ecdn c\u00e1ch xa t\u1edbi 300 m\u00e9t b\u1eb1ng c\u00e1p quang b\u1ecdc th\u00e9p.<\/span><\/p>\n<p><span style=\"color: #0000ff;\"><a style=\"color: #0000ff;\" href=\"http:\/\/hanviet.com.vn\/wp-content\/uploads\/2023\/11\/RapASE-T25-DS_VN.pdf\">EAGLE\u00ae T25 VN.PDF<\/a><\/span><\/p>\n","protected":false},"excerpt":{"rendered":"<h3><span style=\"color: #000000;\">H\u1ec7 th\u1ed1ng ki\u1ec3m tra xe \u0111i xuy\u00ean qua, g\u1eafn tr\u00ean r\u01a1-mooc<\/span><\/h3>\n<ul>\n<li><span style=\"color: #000000;\"> H\u1ec7 th\u1ed1ng ki\u1ec3m tra m\u1ea1nh m\u1ebd \u0111\u01b0\u1ee3c g\u1eafn tr\u00ean h\u1ec7 th\u1ed1ng R\u01a1-mooc ch\u1eafc ch\u1eafn<\/span><\/li>\n<li><span style=\"color: #000000;\">S\u00e0ng l\u1ecdc th\u00f4ng l\u01b0\u1ee3ng cao l\u00ean t\u1edbi 60 xe t\u1ea3i m\u1ed7i gi\u1edd<\/span><\/li>\n<li><span style=\"color: #000000;\">Tri\u1ec3n khai trong v\u00e0i ph\u00fat \u0111\u1ec3 \u0111\u00e1p \u1ee9ng nhanh c\u00e1c y\u00eau c\u1ea7u ho\u1ea1t \u0111\u1ed9ng thay \u0111\u1ed5i<\/span><\/li>\n<\/ul>\n<p>&nbsp;<\/p>\n","protected":false},"featured_media":1837,"template":"","meta":[],"product_cat":[52],"product_tag":[388,470,392,473,394],"class_list":{"0":"post-1696","1":"product","2":"type-product","3":"status-publish","4":"has-post-thumbnail","6":"product_cat-may-soi-hang-hoa-co-lon-vi","7":"product_tag-air-cago-vi","8":"product_tag-ase-vi","9":"product_tag-container-vi","10":"product_tag-rapiscan-vi","11":"product_tag-vehicle-inspection-vi","13":"first","14":"instock","15":"shipping-taxable","16":"product-type-simple"},"aioseo_notices":[],"_links":{"self":[{"href":"http:\/\/hanviet.com.vn\/index.php?rest_route=\/wp\/v2\/product\/1696","targetHints":{"allow":["GET"]}}],"collection":[{"href":"http:\/\/hanviet.com.vn\/index.php?rest_route=\/wp\/v2\/product"}],"about":[{"href":"http:\/\/hanviet.com.vn\/index.php?rest_route=\/wp\/v2\/types\/product"}],"wp:featuredmedia":[{"embeddable":true,"href":"http:\/\/hanviet.com.vn\/index.php?rest_route=\/wp\/v2\/media\/1837"}],"wp:attachment":[{"href":"http:\/\/hanviet.com.vn\/index.php?rest_route=%2Fwp%2Fv2%2Fmedia&parent=1696"}],"wp:term":[{"taxonomy":"product_cat","embeddable":true,"href":"http:\/\/hanviet.com.vn\/index.php?rest_route=%2Fwp%2Fv2%2Fproduct_cat&post=1696"},{"taxonomy":"product_tag","embeddable":true,"href":"http:\/\/hanviet.com.vn\/index.php?rest_route=%2Fwp%2Fv2%2Fproduct_tag&post=1696"}],"curies":[{"name":"wp","href":"https:\/\/api.w.org\/{rel}","templated":true}]}}