{"id":1700,"date":"2023-12-01T16:10:34","date_gmt":"2023-12-01T09:10:34","guid":{"rendered":"http:\/\/localhost\/demohanviet\/demo1\/?post_type=product&#038;p=1700"},"modified":"2024-11-14T11:40:18","modified_gmt":"2024-11-14T04:40:18","slug":"eagle-p25-2","status":"publish","type":"product","link":"http:\/\/hanviet.com.vn\/?product=eagle-p25-2","title":{"rendered":"EAGLE\u00ae P25"},"content":{"rendered":"<p><span style=\"color: #000000;\">Rapiscan Eagle\u00ae P25 l\u00e0 m\u1ed9t h\u1ec7 th\u1ed1ng soi chi\u1ebfu s\u1eed d\u1ee5ng n\u0103ng l\u01b0\u1ee3ng trung b\u00ecnh, l\u00e1i xe qua c\u1ed5ng \u0111\u1ec3 ki\u1ec3m tra h\u00e0ng h\u00f3a v\u00e0 ph\u01b0\u01a1ng ti\u1ec7n, gi\u00fap c\u00e1c nh\u00e0 \u0111i\u1ec1u h\u00e0nh ph\u00e1t hi\u1ec7n gian l\u1eadn th\u01b0\u01a1ng m\u1ea1i v\u00e0 bu\u00f4n l\u1eadu t\u1ea1i c\u00e1c c\u01a1 s\u1edf, b\u1ebfn c\u1ea3ng v\u00e0 c\u1eeda kh\u1ea9u bi\u00ean gi\u1edbi c\u00f3 m\u1ed1i \u0111e d\u1ecda cao.<\/span><br \/>\n<span style=\"color: #000000;\">Eagle P25 l\u00fd t\u01b0\u1edfng cho c\u00e1c v\u1ecb tr\u00ed c\u00f3 m\u1eadt \u0111\u1ed9 giao th\u00f4ng \u0111\u00f4ng \u0111\u00fac, y\u00eau c\u1ea7u ki\u1ec3m tra k\u1ef9 l\u01b0\u1ee1ng, hi\u1ec7u su\u1ea5t cao v\u00e0 \u1ee9ng d\u1ee5ng cho c\u00e1c y\u00eau c\u1ea7u qu\u00e9t to\u00e0n b\u1ed9 ph\u01b0\u01a1ng ti\u1ec7n. Khi v\u1eadn h\u00e0nh \u1edf ch\u1ebf \u0111\u1ed9 t\u00f9y ch\u1ecdn CabScan\u00ae, h\u1ec7 th\u1ed1ng s\u1ebd qu\u00e9t \u1edf li\u1ec1u l\u01b0\u1ee3ng th\u1ea5p, an to\u00e0n cho c\u00e1c ph\u01b0\u01a1ng ti\u1ec7n c\u00f3 ng\u01b0\u1eddi ng\u1ed3i trong, cho ph\u00e9p qu\u00e9t nhanh xe bu\u00fdt v\u00e0 xe ch\u1edf kh\u00e1ch. H\u00ecnh \u1ea3nh tia X ch\u1ea5t l\u01b0\u1ee3ng cao c\u1ee7a h\u1ec7 th\u1ed1ng v\u00e0 ph\u1ea7n m\u1ec1m Cargo Viewer c\u1ee7a ch\u00fang t\u00f4i cung c\u1ea5p gi\u1ea3i ph\u00e1p s\u00e0ng l\u1ecdc hi\u1ec7u qu\u1ea3 v\u00e0 hi\u1ec7u qu\u1ea3 gi\u00fap gi\u1ea3m nhu c\u1ea7u ki\u1ec3m tra th\u1ee7 c\u00f4ng ti\u1ebfp theo.<\/span><\/p>\n<p><span style=\"color: #0000ff;\"><a style=\"color: #0000ff;\" href=\"http:\/\/hanviet.com.vn\/wp-content\/uploads\/2023\/11\/22.-Eagle-P25-Data-Sheet-Vn.pdf\">EAGLE\u00ae P25 VN.PDF<\/a><\/span><\/p>\n","protected":false},"excerpt":{"rendered":"<h3><span style=\"color: #000000;\">H\u1ec7 th\u1ed1ng c\u1ed5ng soi chi\u1ebfu xe \u0111i qua v\u00e0 h\u00e0ng h\u00f3a<\/span><\/h3>\n<ul>\n<li><span style=\"color: #000000;\">H\u1ec7 th\u1ed1ng soi chi\u1ebfu tia X 2,5 MeV \u0111\u00e1ng tin c\u1eady<\/span><\/li>\n<li><span style=\"color: #000000;\">H\u1ec7 th\u1ed1ng ti\u00ean ti\u1ebfn \u0111\u00e1p \u1ee9ng c\u00e1c ti\u00eau chu\u1ea9n an to\u00e0n b\u1ee9c x\u1ea1 qu\u1ed1c t\u1ebf<\/span><\/li>\n<li><span style=\"color: #000000;\">Di\u1ec7n t\u00edch l\u1eafp \u0111\u1eb7t h\u1ec7 th\u1ed1ng nh\u1ecf gi\u00fap d\u1ec5 d\u00e0ng c\u00e0i \u0111\u1eb7t v\u00e0 v\u1eadn h\u00e0nh<\/span><\/li>\n<\/ul>\n","protected":false},"featured_media":1836,"template":"","meta":[],"product_cat":[52],"product_tag":[388,470,392,473,394],"class_list":{"0":"post-1700","1":"product","2":"type-product","3":"status-publish","4":"has-post-thumbnail","6":"product_cat-may-soi-hang-hoa-co-lon-vi","7":"product_tag-air-cago-vi","8":"product_tag-ase-vi","9":"product_tag-container-vi","10":"product_tag-rapiscan-vi","11":"product_tag-vehicle-inspection-vi","13":"first","14":"instock","15":"shipping-taxable","16":"product-type-simple"},"aioseo_notices":[],"_links":{"self":[{"href":"http:\/\/hanviet.com.vn\/index.php?rest_route=\/wp\/v2\/product\/1700","targetHints":{"allow":["GET"]}}],"collection":[{"href":"http:\/\/hanviet.com.vn\/index.php?rest_route=\/wp\/v2\/product"}],"about":[{"href":"http:\/\/hanviet.com.vn\/index.php?rest_route=\/wp\/v2\/types\/product"}],"wp:featuredmedia":[{"embeddable":true,"href":"http:\/\/hanviet.com.vn\/index.php?rest_route=\/wp\/v2\/media\/1836"}],"wp:attachment":[{"href":"http:\/\/hanviet.com.vn\/index.php?rest_route=%2Fwp%2Fv2%2Fmedia&parent=1700"}],"wp:term":[{"taxonomy":"product_cat","embeddable":true,"href":"http:\/\/hanviet.com.vn\/index.php?rest_route=%2Fwp%2Fv2%2Fproduct_cat&post=1700"},{"taxonomy":"product_tag","embeddable":true,"href":"http:\/\/hanviet.com.vn\/index.php?rest_route=%2Fwp%2Fv2%2Fproduct_tag&post=1700"}],"curies":[{"name":"wp","href":"https:\/\/api.w.org\/{rel}","templated":true}]}}