{"id":236,"date":"2022-12-29T07:21:36","date_gmt":"2022-12-29T00:21:36","guid":{"rendered":"http:\/\/localhost\/demohanviet\/?post_type=product&#038;p=236"},"modified":"2024-11-14T13:41:15","modified_gmt":"2024-11-14T06:41:15","slug":"may-soi-rapiscan-632xr","status":"publish","type":"product","link":"https:\/\/hanviet.com.vn\/?product=may-soi-rapiscan-632xr","title":{"rendered":"M\u00c1Y SOI RAPISCAN 632XR"},"content":{"rendered":"<p><span style=\"color: #0000ff;\"><strong>Khoang soi chi\u1ebfu c\u1ef1c l\u1edbn c\u00f9ng h\u1ec7 th\u1ed1ng con l\u0103n ch\u1eafc ch\u1eafn <\/strong><\/span><span style=\"color: #0000ff;\"><strong>cho ph\u00e9p soi chi\u1ebfu c\u1ea3 pallet v\u00e0 h\u00e0ng h\u00f3a m\u00e0 kh\u00f4ng c\u1ea7n ph\u1ea3i d\u1ee1 h\u00e0ng.<\/strong><\/span><\/p>\n<p><span style=\"color: #0000ff;\"><em><strong>Ti\u00eau th\u1ee5 \u0111i\u1ec7n n\u0103ng th\u1ea5p<\/strong><\/em><\/span><\/p>\n<p><span style=\"color: #0000ff;\"><em><strong>H\u1ec7 th\u1ed1ng con l\u0103n ch\u1eafc ch\u1eafn<\/strong><\/em><\/span><\/p>\n<p><span style=\"color: #0000ff;\"><em><strong>\u0110\u1ea7u ph\u00e1t 150kV ho\u1eb7c 200kV<\/strong><\/em><\/span><\/p>\n<p><span style=\"color: #0000ff;\"><em><strong>V\u1edbi 13 c\u00f4ng c\u1ee5 x\u1eed l\u00fd h\u00ecnh \u1ea3nh<\/strong><\/em><\/span><\/p>\n<p><span style=\"color: #0000ff;\"><em><strong>T\u1ef1 \u0111\u1ed9ng ph\u00e1t hi\u1ec7n ch\u1ea5t n\u1ed5 v\u00e0 ma t\u00fay<\/strong><\/em><\/span><\/p>\n<p><span style=\"color: #0000ff;\"><em><strong>Hi\u1ec7u qu\u1ea3 kinh t\u1ebf<\/strong><\/em><\/span><\/p>\n<p><span style=\"color: #000000;\">V\u1edbi khoang soi c\u1ef1c l\u1edbn, h\u1ec7 th\u1ed1ng con l\u0103n ch\u1eafc ch\u1eafn, v\u1edbi hai ngu\u1ed3n \u0111\u1ea7u ph\u00e1t c\u00f3 th\u1ec3 l\u1ef1a ch\u1ecdn, h\u1ec7 th\u1ed1ng m\u00e1y Rapiscan 632XR \u0111\u01b0\u1ee3c thi\u1ebft k\u1ebf \u0111\u1ec3 ki\u1ec3m tra c\u00e1c pallet v\u00e0 h\u00e0ng h\u00f3a c\u00f3 t\u1ea3i tr\u1ecdng l\u00ean t\u1edbi 3000Kg m\u00e0 kh\u00f4ng c\u1ea7n gi\u1ea3m l\u01b0u l\u01b0\u1ee3ng. H\u1ec7 th\u1ed1ng c\u00f3 th\u1ec3 ki\u1ec3m tra \u0111\u01b0\u1ee3c c\u00e1c pallet \u0111\u1ea1t chu\u1ea9n qu\u1ed1c t\u1ebf ISO 6780 ho\u1eb7c c\u00e1c lo\u1ea1i pallet c\u00f3 g\u1ea7m th\u1ea5p h\u01a1n k\u1ec3 c\u1ea3 khi ko d\u1ee1 h\u00e0ng ho\u1eb7c h\u00e0ng h\u00f3a \u1edf d\u1ea1ng l\u1ed9n x\u1ed9n nh\u1ea5t v\u1eeba k\u00edch th\u01b0\u1edbc khoang soi. V\u1edbi c\u00e1c c\u00f4ng c\u1ee5 x\u1eed l\u00fd \u1ea3nh ch\u1ea5t l\u01b0\u1ee3ng cao, x\u1eed l\u00fd \u1ea3nh th\u1eeba v\u00e0 nhi\u1ec1u ch\u1ee9c n\u0103ng t\u1ef1 \u0111\u1ed9ng kh\u00e1c cho ph\u00e9p d\u00f2 t\u00ecm c\u00e1c v\u1eadt nguy hi\u1ec3m c\u0169ng nh\u01b0 h\u00e0ng h\u00f3a bu\u00f4n l\u1eadu.<\/span><\/p>\n<p><span style=\"color: #0000ff;\"><strong>T\u01b0\u0323 \u0111\u00f4\u0323ng ph\u00e1t hi\u1ec7n ch\u00e2\u0301t n\u1ed5:<\/strong><\/span><\/p>\n<p><span style=\"color: #000000;\">Target \u2122 t\u1ef1 \u0111\u1ed9ng ph\u00e1t hi\u1ec7n m\u1ed9t lo\u1ea1t c\u00e1c v\u1eadt li\u1ec7u n\u1ed5 theo th\u1eddi gian th\u1ef1c trong qu\u00e1 tr\u00ecnh qu\u00e9t b\u0103\u0300ng ca\u0301ch l\u00e0m n\u1ed5i b\u1eadt m\u1ed9t m\u1ed1i \u0111e d\u1ecda ti\u1ec1m n\u0103ng tr\u00ean h\u00ecnh \u1ea3nh X-quang.<\/span><\/p>\n<p><span style=\"color: #0000ff;\"><strong>T\u01b0\u0323 \u0111\u00f4\u0323ng pha\u0301t hi\u00ea\u0323n ma t\u00fay:<\/strong><\/span><\/p>\n<p><span style=\"color: #000000;\">NARCScan\u2122 t\u1ef1 \u0111\u1ed9ng ph\u00e1t hi\u1ec7n m\u1ed9t lo\u1ea1t c\u00e1c ch\u1ea5t ma tu\u00fd theo th\u1eddi gian th\u1ef1c trong qu\u00e1 tr\u00ecnh qu\u00e9t b\u0103\u0300ng ca\u0301ch l\u00e0m n\u1ed5i b\u1eadt m\u1ed9t m\u1ed1i \u0111e d\u1ecda ti\u1ec1m n\u0103ng tr\u00ean h\u00ecnh \u1ea3nh X-quang.<\/span><\/p>\n<p><span style=\"color: #0000ff;\"><strong>\u0110\u00e1p \u1ee9ng h\u1ea7u h\u1ebft c\u00e1c y\u00eau c\u1ea7u nghi\u00eam ng\u1eb7t cu\u0309a to\u00e0n c\u1ea7u hi\u00ea\u0323n nay.<\/strong><\/span><\/p>\n<p><span style=\"color: #000000;\">Rapiscan 632XR \u0111\u00e1p \u1ee9ng c\u00e1c y\u00eau c\u00e2\u0300u v\u00ea\u0300 ph\u00e1t hi\u1ec7n kh\u1eaft khe nh\u1ea5t v\u00e0 y\u00eau c\u1ea7u v\u00ea\u0300 ch\u1ea5t l\u01b0\u1ee3ng h\u00ecnh \u1ea3nh theo quy \u0111\u1ecbnh c\u1ee7a C\u1ee5c An ninh V\u1eadn t\u1ea3i M\u1ef9 (TSA), C\u1ee5c giao th\u00f4ng v\u1eadn t\u1ea3i Anh ( DFT) v\u00e0 c\u1ee5c giao th\u00f4ng v\u1eadn t\u1ea3i Canada ( TC)<\/span><\/p>\n<p><span style=\"color: #0000ff;\"><strong>C\u00e1c ch\u01b0\u0301c n\u0103ng h\u00f4\u0303 tr\u01a1\u0323 ng\u01b0\u01a1\u0300i v\u00e2\u0323n ha\u0300nh l\u1edbn nh\u1ea5t cho ph\u00e9p n\u00e2ng cao kha\u0309 n\u0103ng th\u00f4ng quan.<\/strong><\/span><\/p>\n<p><span style=\"color: #000000;\">V\u1edbi h\u01a1n 13 c\u00f4ng c\u1ee5 x\u1eed l\u00fd h\u00ecnh \u1ea3nh v\u00e0 nhi\u1ec1u ch\u1ee9c n\u0103ng ph\u00e1t hi\u1ec7n t\u1ef1 \u0111\u1ed9ng, ph\u00e2\u0300n m\u00ea\u0300m co\u0301 t\u00ednh n\u0103ng phong ph\u00fa gi\u00fap c\u00e1c nh\u00e0 v\u00e2\u0323n h\u00e0nh ph\u00e1t hi\u1ec7n h\u00e0ng l\u1eadu d\u1ec5 d\u00e0ng v\u00e0 ch\u00ednh x\u00e1c cho kha\u0309 n\u0103ng th\u00f4ng quan cao nh\u00e2\u0301t va\u0300 gia\u0309m thi\u00ea\u0309u m\u00ea\u0323t mo\u0309i.<\/span><\/p>\n<p><span style=\"color: #0000ff;\"><strong>Tu\u00e2n th\u1ee7 quy \u0111\u1ecbnh:<\/strong><\/span><\/p>\n<p><span style=\"color: #000000;\">Rapiscan 632XR co\u0301 hi\u1ec7u su\u1ea5t ch\u1ea5t l\u01b0\u1ee3ng h\u00ecnh \u1ea3nh ph\u00f9 h\u1ee3p v\u1edbi quy \u0111\u1ecbnh (EC) s\u1ed1\u00a0300\/2008. Ngo\u00e0i ra, ch\u01b0\u0301c n\u0103ng che\u0300n hi\u0300nh \u1ea3nh nguy hi\u00ea\u0309m (TIP) l\u00e0 ph\u00f9 h\u1ee3p\u00a0v\u1edbi quy \u0111\u1ecbnh (EU) s\u1ed1 185\/2010.<\/span><\/p>\n<table width=\"790\">\n<tbody>\n<tr>\n<td width=\"170\"><span style=\"color: #0000ff;\"><b>Th\u00f4ng s\u1ed1 k\u1ef9 thu\u1eadt:<\/b><\/span><\/td>\n<td width=\"147\"><span style=\"color: #000000;\">\u0110\u1ea7u ph\u00e1t 150Kv:<\/span><\/td>\n<td width=\"134\"><span style=\"color: #000000;\">\u0110\u1ea7u ph\u00e1t 200Kv:<\/span><\/td>\n<\/tr>\n<tr>\n<td width=\"170\"><span style=\"color: #000000;\">K\u00edch th\u01b0\u1edbc khoang soi ki\u1ec3m tra ( R x C)<\/span><\/td>\n<td width=\"147\"><span style=\"color: #000000;\">1,537 x 1,650 mm<\/span><\/td>\n<td width=\"134\"><span style=\"color: #000000;\">1,537 x 1,650 mm<\/span><\/td>\n<\/tr>\n<tr>\n<td width=\"170\"><span style=\"color: #000000;\">T\u1ed1c \u0111\u1ed9 b\u0103ng t\u1ea3i<\/span><\/td>\n<td width=\"147\"><span style=\"color: #000000;\">0.20m\/s<\/span><\/td>\n<td width=\"134\"><span style=\"color: #000000;\">0.20m\/s<\/span><\/td>\n<\/tr>\n<tr>\n<td width=\"170\"><span style=\"color: #000000;\">Chi\u1ec1u cao b\u0103ng t\u1ea3i:<\/span><\/td>\n<td width=\"147\"><span style=\"color: #000000;\">304 mm<\/span><\/td>\n<td width=\"134\"><span style=\"color: #000000;\">345 mm<\/span><\/td>\n<\/tr>\n<tr>\n<td width=\"170\"><span style=\"color: #000000;\">K\u00edch th\u01b0\u1edbc (D x R x C)<\/span><\/td>\n<td width=\"147\"><span style=\"color: #000000;\">6,430 x 2,873 x 2,181 mm<\/span><\/td>\n<td width=\"134\"><span style=\"color: #000000;\">6,608 x 2,816 x 2,244 mm<\/span><\/td>\n<\/tr>\n<tr>\n<td width=\"170\"><span style=\"color: #000000;\">Tr\u1ecdng l\u01b0\u1ee3ng to\u00e0n b\u1ed9<\/span><\/td>\n<td width=\"147\"><span style=\"color: #000000;\">2,782 Kg<\/span><\/td>\n<td width=\"134\"><span style=\"color: #000000;\">3,449Kg<\/span><\/td>\n<\/tr>\n<tr>\n<td width=\"170\"><span style=\"color: #000000;\">T\u1ea3i tr\u1ecdng t\u1ed1i \u0111a c\u1ee7a b\u0103ng truy\u1ec1n<\/span><\/td>\n<td width=\"147\"><span style=\"color: #000000;\">3000 Kg<\/span><\/td>\n<td width=\"134\"><span style=\"color: #000000;\">3000Kg<\/span><\/td>\n<\/tr>\n<tr>\n<td width=\"170\"><span style=\"color: #000000;\">Ngu\u1ed3n h\u1ec7 th\u1ed1ng<\/span><\/td>\n<td width=\"147\"><span style=\"color: #000000;\">115\/230 VAC \u00b1 10% \/ 60\/50Hz<\/span><\/td>\n<td width=\"134\"><span style=\"color: #000000;\">115\/230 VAC \u00b1 10% \/ 60\/50Hz<\/span><\/td>\n<\/tr>\n<\/tbody>\n<\/table>\n<table width=\"790\">\n<tbody>\n<tr>\n<td width=\"170\"><span style=\"color: #0000ff;\"><b>\u0110\u00e2\u0300u pha\u0301t X-quang ti\u00eau chu\u00e2\u0309n va\u0300 ch\u00e2\u0301t l\u01b0\u01a1\u0323ng hi\u0300nh a\u0309nh<\/b><\/span><\/td>\n<td width=\"147\"><\/td>\n<td width=\"134\"><\/td>\n<\/tr>\n<tr>\n<td width=\"170\"><span style=\"color: #000000;\">\u0110i\u1ec7n \u00e1p c\u1ee7a c\u1ef1c Anode:<\/span><\/td>\n<td width=\"147\"><span style=\"color: #000000;\">V\u1eadn h\u00e0nh \u1edf m\u1ee9c 150Kv<\/span><\/td>\n<td width=\"134\"><span style=\"color: #000000;\">V\u1eadn h\u00e0nh \u1edf m\u1ee9c 200Kv<\/span><\/td>\n<\/tr>\n<tr>\n<td width=\"170\"><span style=\"color: #000000;\">D\u00f2ng anode:<\/span><\/td>\n<td width=\"147\"><span style=\"color: #000000;\">1.5 mA<\/span><\/td>\n<td width=\"134\"><span style=\"color: #000000;\">1.0 mA<\/span><\/td>\n<\/tr>\n<tr>\n<td width=\"170\"><span style=\"color: #000000;\">\u0110\u1ed9 \u0111\u00e2m xuy\u00ean qua th\u00e9p<\/span><\/td>\n<td width=\"147\"><span style=\"color: #000000;\">28mm th\u1ef1c t\u1ebf, 30 mm \u0111i\u1ec3n h\u00ecnh<\/span><\/td>\n<td width=\"134\"><span style=\"color: #000000;\">45mm th\u1ef1c t\u1ebf, 50 mm \u0111i\u1ec3n h\u00ecnh<\/span><\/td>\n<\/tr>\n<tr>\n<td width=\"170\"><span style=\"color: #000000;\">\u0110\u1ed9 ph\u00e2n gi\u1ea3i d\u00e2y:<\/span><\/td>\n<td width=\"147\"><span style=\"color: #000000;\">38 AWG th\u1ef1c t\u1ebf,40 AWG \u0111i\u1ec3n h\u00ecnh<\/span><\/td>\n<td width=\"134\"><span style=\"color: #000000;\">38 AWG th\u1ef1c t\u1ebf,40 AWG \u0111i\u1ec3n h\u00ecnh<\/span><\/td>\n<\/tr>\n<tr>\n<td width=\"170\"><span style=\"color: #000000;\">Ph\u00e2n bi\u00ea\u0323t v\u00e2\u0323t ch\u00e2\u0301t<\/span><\/td>\n<td width=\"147\"><span style=\"color: #000000;\">Z th\u00e2\u0301p, Z trung bi\u0300nh, Z cao chi\u0301nh xa\u0301c \u0111\u00ea\u0301n 0.5 Z.<\/span><\/td>\n<td width=\"134\"><span style=\"color: #000000;\">Z th\u00e2\u0301p, Z trung bi\u0300nh, Z cao chi\u0301nh xa\u0301c \u0111\u00ea\u0301n 0.5 Z.<\/span><\/td>\n<\/tr>\n<tr>\n<td width=\"170\"><span style=\"color: #000000;\">H\u01b0\u1edbng \u0111\u1ea7u ph\u00e1t<\/span><\/td>\n<td width=\"147\"><span style=\"color: #000000;\">N\u1eb1m ngang<\/span><\/td>\n<td width=\"134\"><span style=\"color: #000000;\">N\u1eb1m ngang<\/span><\/td>\n<\/tr>\n<tr>\n<td width=\"170\"><span style=\"color: #000000;\">L\u00e0m m\u00e1t \u0111\u00e2\u0300u pha\u0301t<\/span><\/td>\n<td width=\"147\"><span style=\"color: #000000;\">b\u1eb1ng bi\u0300nh d\u1ea7u k\u00edn va\u0300 qua\u0323t gio\u0301.<\/span><\/td>\n<td width=\"134\"><span style=\"color: #000000;\">b\u1eb1ng bi\u0300nh d\u1ea7u k\u00edn va\u0300 qua\u0323t gio\u0301.<\/span><\/td>\n<\/tr>\n<\/tbody>\n<\/table>\n<table width=\"790\">\n<tbody>\n<tr>\n<td width=\"171\"><span style=\"color: #0000ff;\"><b>M\u00f4i tr\u01b0\u01a1\u0300ng ho\u1ea1t \u0111\u1ed9ng<\/b><\/span><\/td>\n<td width=\"147\"><\/td>\n<td width=\"134\"><\/td>\n<\/tr>\n<tr>\n<td width=\"171\"><span style=\"color: #000000;\">Nhi\u1ec7t \u0111\u1ed9 b\u1ea3o qu\u1ea3n:<\/span><\/td>\n<td width=\"147\"><span style=\"color: #000000;\">50<sup>0<\/sup>C<\/span><\/td>\n<td width=\"134\"><span style=\"color: #000000;\">50<sup>0<\/sup>C<\/span><\/td>\n<\/tr>\n<tr>\n<td width=\"171\"><span style=\"color: #000000;\">Nhi\u1ec7t \u0111\u1ed9 ho\u1ea1t \u0111\u1ed9ng:<\/span><\/td>\n<td width=\"147\"><span style=\"color: #000000;\">0<sup>0<\/sup>C t\u1edbi 40<sup>0<\/sup>C<\/span><\/td>\n<td width=\"134\"><span style=\"color: #000000;\">0<sup>0<\/sup>C t\u1edbi 40<sup>0<\/sup>C<\/span><\/td>\n<\/tr>\n<tr>\n<td width=\"171\"><span style=\"color: #000000;\">\u0110\u1ed9 \u1ea9m t\u01b0\u01a1ng \u0111\u1ed1i:<\/span><\/td>\n<td width=\"147\"><span style=\"color: #000000;\">5 to 95% kh\u00f4ng ng\u01b0ng t\u1ee5.<\/span><\/td>\n<td width=\"134\"><span style=\"color: #000000;\">5 to 95% kh\u00f4ng ng\u01b0ng t\u1ee5.<\/span><\/td>\n<\/tr>\n<\/tbody>\n<\/table>\n<p><span style=\"color: #0000ff;\"><b>S\u1ee9c kh\u1ecfe v\u00e0 an to\u00e0n<\/b><\/span><\/p>\n<p><span style=\"color: #000000;\">S\u1ea3n ph\u1ea9m ma\u0301y soi co\u0301 khoang soi Rapiscan Systems tu\u00e2n th\u1ee7 t\u1ea5t c\u1ea3 c\u00e1c \u00e1p d\u1ee5ng c\u1ee7a FDA Hoa K\u1ef3 v\u00e0 y\u00eau c\u1ea7u cu\u0309a c\u01a1 quan qu\u1ea3n l\u00fd qu\u1ed1c t\u1ebf t\u01b0\u01a1ng \u0111\u01b0\u01a1ng, bao g\u00f4\u0300m ti\u00eau chu\u1ea9n an toa\u0300n b\u01b0\u0301c xa\u0323 b\u00ean trong khoang soi X-quang [21 CFR 1020.40] v\u00e0 c\u00e1c ti\u00eau chu\u1ea9n hi\u1ec7u su\u1ea5t chung [21 CFR Ph\u1ea7n 1010]. Rapiscan Systems x\u00e1c nh\u1eadn m\u1ed7i s\u1ea3n ph\u1ea9m X-quang co\u0301 khoang soi c\u00f3 t\u1ed1i \u0111a l\u01b0\u01a1\u0323ng r\u00f2 r\u1ec9 ph\u00f3ng x\u1ea1 d\u01b0\u1edbi 1 \u03bcSv\/gi\u1edd (0,1 mR\/hr) t\u1eeb t\u1ea5t c\u1ea3 c\u00e1c b\u1ec1 m\u1eb7t b\u00ean ngo\u00e0i c\u1ee7a h\u1ec7 th\u1ed1ng khoang soi X-quang.<\/span><\/p>\n<p><span style=\"color: #0000ff;\"><a style=\"color: #0000ff;\" href=\"http:\/\/hanviet.com.vn\/wp-content\/uploads\/2023\/11\/632XR_TV.pdf\" target=\"_blank\" rel=\"noopener\">Rapiscan 632XR.PDF<\/a><\/span><\/p>\n","protected":false},"excerpt":{"rendered":"<table width=\"790\">\n<tbody>\n<tr>\n<td width=\"170\"><span style=\"color: #000000;\"><b>Th\u00f4ng s\u1ed1 k\u1ef9 thu\u1eadt:<\/b><\/span><\/td>\n<td width=\"147\"><span style=\"color: #000000;\">\u0110\u1ea7u ph\u00e1t 150Kv:<\/span><\/td>\n<td width=\"134\"><span style=\"color: #000000;\">\u0110\u1ea7u ph\u00e1t 200Kv:<\/span><\/td>\n<\/tr>\n<tr>\n<td width=\"170\"><span style=\"color: #000000;\">K\u00edch th\u01b0\u1edbc khoang soi ki\u1ec3m tra ( R x C)<\/span><\/td>\n<td width=\"147\"><span style=\"color: #000000;\">1,537 x 1,650 mm<\/span><\/td>\n<td width=\"134\"><span style=\"color: #000000;\">1,537 x 1,650 mm<\/span><\/td>\n<\/tr>\n<tr>\n<td width=\"170\"><span style=\"color: #000000;\">T\u1ed1c \u0111\u1ed9 b\u0103ng t\u1ea3i<\/span><\/td>\n<td width=\"147\"><span style=\"color: #000000;\">0.20m\/s<\/span><\/td>\n<td width=\"134\"><span style=\"color: #000000;\">0.20m\/s<\/span><\/td>\n<\/tr>\n<tr>\n<td width=\"170\"><span style=\"color: #000000;\">Chi\u1ec1u cao b\u0103ng t\u1ea3i:<\/span><\/td>\n<td width=\"147\"><span style=\"color: #000000;\">304 mm<\/span><\/td>\n<td width=\"134\"><span style=\"color: #000000;\">345 mm<\/span><\/td>\n<\/tr>\n<tr>\n<td width=\"170\"><span style=\"color: #000000;\">K\u00edch th\u01b0\u1edbc (D x R x C)<\/span><\/td>\n<td width=\"147\"><span style=\"color: #000000;\">6,430 x 2,873 x 2,181 mm<\/span><\/td>\n<td width=\"134\"><span style=\"color: #000000;\">6,608 x 2,816 x 2,244 mm<\/span><\/td>\n<\/tr>\n<tr>\n<td width=\"170\"><span style=\"color: #000000;\">Tr\u1ecdng l\u01b0\u1ee3ng to\u00e0n b\u1ed9<\/span><\/td>\n<td width=\"147\"><span style=\"color: #000000;\">2,782 Kg<\/span><\/td>\n<td width=\"134\"><span style=\"color: #000000;\">3,449Kg<\/span><\/td>\n<\/tr>\n<tr>\n<td width=\"170\"><span style=\"color: #000000;\">T\u1ea3i tr\u1ecdng t\u1ed1i \u0111a c\u1ee7a b\u0103ng truy\u1ec1n<\/span><\/td>\n<td width=\"147\"><span style=\"color: #000000;\">3000 Kg<\/span><\/td>\n<td width=\"134\"><span style=\"color: #000000;\">3000Kg<\/span><\/td>\n<\/tr>\n<tr>\n<td width=\"170\"><span style=\"color: #000000;\">Ngu\u1ed3n h\u1ec7 th\u1ed1ng<\/span><\/td>\n<td width=\"147\"><span style=\"color: #000000;\">115\/230 VAC \u00b1 10% \/ 60\/50Hz<\/span><\/td>\n<td width=\"134\"><span style=\"color: #000000;\">115\/230 VAC \u00b1 10% \/ 60\/50Hz<\/span><\/td>\n<\/tr>\n<\/tbody>\n<\/table>\n<table width=\"790\">\n<tbody>\n<tr>\n<td width=\"170\"><span style=\"color: #000000;\"><b>\u0110\u00e2\u0300u pha\u0301t X-quang ti\u00eau chu\u00e2\u0309n va\u0300 ch\u00e2\u0301t l\u01b0\u01a1\u0323ng hi\u0300nh a\u0309nh<\/b><\/span><\/td>\n<td width=\"147\"><\/td>\n<td width=\"134\"><\/td>\n<\/tr>\n<tr>\n<td width=\"170\"><span style=\"color: #000000;\">\u0110i\u1ec7n \u00e1p c\u1ee7a c\u1ef1c Anode:<\/span><\/td>\n<td width=\"147\"><span style=\"color: #000000;\">V\u1eadn h\u00e0nh \u1edf m\u1ee9c 150Kv<\/span><\/td>\n<td width=\"134\"><span style=\"color: #000000;\">V\u1eadn h\u00e0nh \u1edf m\u1ee9c 200Kv<\/span><\/td>\n<\/tr>\n<tr>\n<td width=\"170\"><span style=\"color: #000000;\">D\u00f2ng anode:<\/span><\/td>\n<td width=\"147\"><span style=\"color: #000000;\">1.5 mA<\/span><\/td>\n<td width=\"134\"><span style=\"color: #000000;\">1.0 mA<\/span><\/td>\n<\/tr>\n<tr>\n<td width=\"170\"><span style=\"color: #000000;\">\u0110\u1ed9 \u0111\u00e2m xuy\u00ean qua th\u00e9p<\/span><\/td>\n<td width=\"147\"><span style=\"color: #000000;\">28mm th\u1ef1c t\u1ebf, 30 mm \u0111i\u1ec3n h\u00ecnh<\/span><\/td>\n<td width=\"134\"><span style=\"color: #000000;\">45mm th\u1ef1c t\u1ebf, 50 mm \u0111i\u1ec3n h\u00ecnh<\/span><\/td>\n<\/tr>\n<tr>\n<td width=\"170\"><span style=\"color: #000000;\">\u0110\u1ed9 ph\u00e2n gi\u1ea3i d\u00e2y:<\/span><\/td>\n<td width=\"147\"><span style=\"color: #000000;\">38 AWG th\u1ef1c t\u1ebf,40 AWG \u0111i\u1ec3n h\u00ecnh<\/span><\/td>\n<td width=\"134\"><span style=\"color: #000000;\">38 AWG th\u1ef1c t\u1ebf,40 AWG \u0111i\u1ec3n h\u00ecnh<\/span><\/td>\n<\/tr>\n<\/tbody>\n<\/table>\n","protected":false},"featured_media":901,"template":"","meta":[],"product_cat":[19],"product_tag":[],"class_list":{"0":"post-236","1":"product","2":"type-product","3":"status-publish","4":"has-post-thumbnail","6":"product_cat-http-hanviet-com-vn-demo1-page_id348-vi","8":"first","9":"instock","10":"shipping-taxable","11":"product-type-simple"},"aioseo_notices":[],"_links":{"self":[{"href":"https:\/\/hanviet.com.vn\/index.php?rest_route=\/wp\/v2\/product\/236","targetHints":{"allow":["GET"]}}],"collection":[{"href":"https:\/\/hanviet.com.vn\/index.php?rest_route=\/wp\/v2\/product"}],"about":[{"href":"https:\/\/hanviet.com.vn\/index.php?rest_route=\/wp\/v2\/types\/product"}],"wp:featuredmedia":[{"embeddable":true,"href":"https:\/\/hanviet.com.vn\/index.php?rest_route=\/wp\/v2\/media\/901"}],"wp:attachment":[{"href":"https:\/\/hanviet.com.vn\/index.php?rest_route=%2Fwp%2Fv2%2Fmedia&parent=236"}],"wp:term":[{"taxonomy":"product_cat","embeddable":true,"href":"https:\/\/hanviet.com.vn\/index.php?rest_route=%2Fwp%2Fv2%2Fproduct_cat&post=236"},{"taxonomy":"product_tag","embeddable":true,"href":"https:\/\/hanviet.com.vn\/index.php?rest_route=%2Fwp%2Fv2%2Fproduct_tag&post=236"}],"curies":[{"name":"wp","href":"https:\/\/api.w.org\/{rel}","templated":true}]}}