{"id":315,"date":"2023-03-28T14:12:34","date_gmt":"2023-03-28T07:12:34","guid":{"rendered":"http:\/\/localhost\/demohanviet\/?post_type=product&#038;p=315"},"modified":"2024-11-14T13:34:40","modified_gmt":"2024-11-14T06:34:40","slug":"may-soi-rapiscan-622xr","status":"publish","type":"product","link":"https:\/\/hanviet.com.vn\/?product=may-soi-rapiscan-622xr","title":{"rendered":"M\u00c1Y SOI RAPISCAN 622XR"},"content":{"rendered":"<p><span style=\"color: #0000ff;\"><b>H\u1ec7 th\u1ed1ng m\u00e1y soi X quang v\u1edbi t\u00ednh n\u0103ng \u01b0u vi\u1ec7t\u00a0 th\u00edch h\u1ee3p cho vi\u1ec7c ki\u1ec3m tra li\u00ean t\u1ee5c c\u00e1c h\u00e0ng h\u00f3a v\u00e0 b\u01b0u ki\u1ec7n l\u1edbn t\u1ea1i c\u00e1c tr\u1ea1m ki\u1ec3m so\u00e1t.<\/b><\/span><\/p>\n<p><span style=\"color: #0000ff;\"><em><b>Ki\u1ec3m tra h\u00e0ng h\u00f3a v\u00e0 b\u01b0u ki\u1ec7n l\u1edbn.<\/b><\/em><\/span><\/p>\n<p><span style=\"color: #0000ff;\"><em><b>B\u00e0n \u0111i\u1ec1u khi\u1ec3n c\u00f3 th\u1ec3 \u0111i\u1ec1u ch\u1ec9nh.<\/b><\/em><\/span><\/p>\n<p><span style=\"color: #0000ff;\"><em><b>Kha\u0309 n\u0103ng k\u00ea\u0301t n\u00f4\u0301i ma\u0323ng<\/b><\/em><\/span><\/p>\n<p><span style=\"color: #0000ff;\"><em><b>Hi\u00ea\u0323u qu\u1ea3 va\u0300 n\u0103ng su\u1ea5t<\/b><\/em><\/span><\/p>\n<p>Ma\u0301y soi Rapiscan 622XR c\u00f3 kh\u1ea3 n\u0103ng ki\u1ec3m so\u00e1t v\u01b0\u1ee3t tr\u1ed9i v\u00e0 \u00edt t\u1ed1n k\u00e9m.V\u1edbi khoang soi r\u1ed9ng 750mm x 550mm, M\u00e1y soi 622XR c\u00f3 th\u1ec3 ki\u1ec3m so\u00e1t m\u1ed9t l\u01b0\u1ee3ng l\u1edbn h\u00e0ng h\u00f3a v\u00e0 b\u01b0u ki\u1ec7n t\u1ea1i c\u00e1c \u0111i\u1ec3m ki\u1ec3m so\u00e1t, ngo\u00e0i ra h\u1ec7 th\u1ed1ng d\u00f2 t\u00ecm n\u0103ng l\u01b0\u1ee3ng k\u00e9p cho ph\u00e9p t\u1ef1 \u0111\u1ed9ng ph\u00e2n t\u00edch v\u1eadt li\u1ec7u do \u0111\u00f3 ng\u01b0\u1eddi ki\u1ec3m tra c\u00f3 th\u1ebf ph\u00e2n bi\u1ec7t r\u00f5 r\u00e0ng\u00a0 c\u00e1c v\u1eadt ch\u1ea5t c\u1ea7u th\u00e0nh n\u00ean \u0111\u1ed1i t\u01b0\u1ee3ng \u0111\u01b0\u1ee3c soi. Th\u00eam v\u00e0o \u0111\u00f3, m\u00e1y c\u00f2n c\u00f3 b\u00e0n \u0111i\u1ec1u khi\u1ec3n c\u00f3 th\u1ec3 \u0111\u1eb7t tr\u00ean b\u00e0n ho\u1eb7c \u0111\u1eb7t b\u00ean th\u00e0nh m\u00e1y d\u1ec5 d\u00e0ng cho vi\u1ec7c s\u1eed d\u1ee5ng.<\/p>\n<p>Rapiscan 622XR\u00a0 l\u00e0 h\u1ec7 th\u1ed1ng \u0111\u1ea1t chu\u1ea9n v\u1ec1 thi\u1ebft b\u1ecb ph\u00e1t x\u1ea1 ion h\u00f3a, thi\u1ebft b\u1ecb \u0111i\u1ec7n t\u1eed, thi\u1ebft b\u1ecb t\u1ea7n s\u1ed1 v\u00f4 tuy\u1ebfn, chu\u1ea9n thi\u1ebft b\u1ecb soi c\u00e1 nh\u00e2n,chu\u1ea9n \u0111\u1ed9 \u1ed3n, \u0111\u1ed9 an to\u00e0n ngh\u1ec7 nghi\u1ec7p v\u00e0 s\u1ee9c kh\u1ecfe c\u1ee7a li\u00ean bang M\u1ef9.<\/p>\n<p><span style=\"color: #0000ff;\"><strong>T\u01b0\u0323 \u0111\u00f4\u0323ng ph\u00e1t hi\u1ec7n ch\u00e2\u0301t n\u1ed5:\u00a0<\/strong><\/span><\/p>\n<p>Target \u2122 t\u1ef1 \u0111\u1ed9ng ph\u00e1t hi\u1ec7n m\u1ed9t lo\u1ea1t c\u00e1c v\u1eadt li\u1ec7u n\u1ed5 theo th\u1eddi gian th\u1ef1c trong qu\u00e1 tr\u00ecnh soi chi\u00ea\u0309u b\u0103\u0300ng ca\u0301ch l\u00e0m n\u1ed5i b\u1eadt kha\u0309 n\u0103ng v\u00e2\u0323t kh\u1ea3 nghi tr\u00ean h\u00ecnh \u1ea3nh X-quang.<\/p>\n<p><span style=\"color: #0000ff;\"><strong>T\u01b0\u0323 \u0111\u00f4\u0323ng pha\u0301t hi\u00ea\u0323n ma t\u00fay:<\/strong><\/span><\/p>\n<p>NARCScan \u2122 t\u1ef1 \u0111\u1ed9ng ph\u00e1t hi\u1ec7n m\u1ed9t lo\u1ea1t c\u00e1c ch\u1ea5t ma tu\u00fd theo th\u1eddi gian th\u1ef1c trong qu\u00e1 tr\u00ecnh qu\u00e9t b\u0103\u0300ng ca\u0301ch l\u00e0m n\u1ed5i b\u1eadt m\u1ed9t m\u1ed1i \u0111e d\u1ecda ti\u1ec1m n\u0103ng tr\u00ean h\u00ecnh \u1ea3nh X-quang.<\/p>\n<p><span style=\"color: #0000ff;\"><strong>\u0110\u00e1p \u1ee9ng h\u1ea7u h\u1ebft c\u00e1c y\u00eau c\u1ea7u nghi\u00eam ng\u1eb7t cu\u0309a to\u00e0n c\u1ea7u hi\u00ea\u0323n nay.<\/strong><\/span><\/p>\n<p>Rapiscan 622XR \u0111\u00e1p \u1ee9ng c\u00e1c y\u00eau c\u00e2\u0300u kh\u1eaft khe nh\u1ea5t v\u1ec1 thi\u1ebft b\u1ecb d\u00f2 t\u00ecm v\u00e0 ch\u1ea5t l\u01b0\u1ee3ng h\u00ecnh \u1ea3nh theo quy \u0111\u1ecbnh c\u1ee7a C\u1ee5c An ninh V\u1eadn t\u1ea3i M\u1ef9 (TSA), C\u1ee5c H\u00e0ng Kh\u00f4ng D\u00e2n D\u1ee5ng Ph\u00e1p (STAC).<\/p>\n<p><span style=\"color: #0000ff;\"><strong>C\u00e1c ch\u01b0\u0301c n\u0103ng h\u00f4\u0303 tr\u01a1\u0323 ng\u01b0\u01a1\u0300i v\u00e2\u0323n ha\u0300nh l\u1edbn nh\u1ea5t cho ph\u00e9p n\u00e2ng cao kha\u0309 n\u0103ng th\u00f4ng quan.<\/strong><\/span><\/p>\n<p>V\u1edbi h\u01a1n 13 c\u00f4ng c\u1ee5 x\u1eed l\u00fd h\u00ecnh \u1ea3nh v\u00e0 nhi\u1ec1u ch\u1ee9c n\u0103ng ph\u00e1t hi\u1ec7n t\u1ef1 \u0111\u1ed9ng, ph\u00e2\u0300n m\u00ea\u0300m co\u0301 t\u00ednh n\u0103ng phong ph\u00fa gi\u00fap c\u00e1c nh\u00e0 v\u00e2\u0323n h\u00e0nh ph\u00e1t hi\u1ec7n h\u00e0ng l\u1eadu d\u1ec5 d\u00e0ng v\u00e0 ch\u00ednh x\u00e1c cho kha\u0309 n\u0103ng th\u00f4ng quan cao nh\u00e2\u0301t va\u0300 gia\u0309m thi\u00ea\u0309u m\u00ea\u0323t mo\u0309i.<\/p>\n<p><span style=\"color: #0000ff;\"><strong>Tu\u00e2n th\u1ee7 quy \u0111\u1ecbnh:<\/strong><\/span><br \/>\nRapiscan 622XR co\u0301 hi\u1ec7u su\u1ea5t ch\u1ea5t l\u01b0\u1ee3ng h\u00ecnh \u1ea3nh ph\u00f9 h\u1ee3p v\u1edbi quy \u0111\u1ecbnh (EC) s\u1ed1\u00a0300\/2008. Ngo\u00e0i ra, ch\u01b0\u0301c n\u0103ng che\u0300n hi\u0300nh \u1ea3nh nguy hi\u00ea\u0309m (TIP) l\u00e0 ph\u00f9 h\u1ee3p\u00a0v\u1edbi quy \u0111\u1ecbnh (EU) s\u1ed1 185\/2010.<\/p>\n<p><span style=\"color: #0000ff;\"><b>S\u1ee9c kh\u1ecfe v\u00e0 an to\u00e0n<\/b><\/span><\/p>\n<p>S\u1ea3n ph\u1ea9m ma\u0301y soi co\u0301 khoang soi Rapiscan Systems tu\u00e2n th\u1ee7 t\u1ea5t c\u1ea3 c\u00e1c \u00e1p d\u1ee5ng c\u1ee7a FDA Hoa K\u1ef3 v\u00e0 y\u00eau c\u1ea7u cu\u0309a c\u01a1 quan qu\u1ea3n l\u00fd qu\u1ed1c t\u1ebf t\u01b0\u01a1ng \u0111\u01b0\u01a1ng, bao g\u00f4\u0300m ti\u00eau chu\u1ea9n an toa\u0300n b\u01b0\u0301c xa\u0323 b\u00ean trong khoang soi X-quang [21 CFR 1020.40] v\u00e0 c\u00e1c ti\u00eau chu\u1ea9n hi\u1ec7u su\u1ea5t chung [21 CFR Ph\u1ea7n 1010]. Rapiscan Systems x\u00e1c nh\u1eadn m\u1ed7i s\u1ea3n ph\u1ea9m X-quang co\u0301 khoang soi c\u00f3 t\u1ed1i \u0111a l\u01b0\u01a1\u0323ng r\u00f2 r\u1ec9 ph\u00f3ng x\u1ea1 d\u01b0\u1edbi 1 \u03bcSv\/gi\u1edd (0,1 mR\/hr) t\u1eeb t\u1ea5t c\u1ea3 c\u00e1c b\u1ec1 m\u1eb7t b\u00ean ngo\u00e0i c\u1ee7a h\u1ec7 th\u1ed1ng khoang soi X-quang.<\/p>\n<p><span style=\"color: #0000ff;\"><a style=\"color: #0000ff;\" href=\"http:\/\/hanviet.com.vn\/wp-content\/uploads\/2024\/11\/622XR_TV.pdf\">Rapiscan 622XR.PDF<\/a><\/span><\/p>\n","protected":false},"excerpt":{"rendered":"<p><strong>K\u00edch th\u01b0\u1edbc:<\/strong> Chi\u1ec1u d\u00e0i: 2,282mm. Cao: 1,467mm. R\u1ed9ng: 1030mm<br \/>\n<strong>K\u00edch th\u01b0\u1edbc khoang soi ki\u1ec3m tra (Tunnel):<\/strong> R\u1ed9ng: 750mm, Cao: 550mm.<br \/>\n<strong>T\u1ed1c \u0111\u1ed9 b\u0103ng t\u1ea3i:<\/strong> 0.2 m\/s.<br \/>\n<strong>T\u1ea3i tr\u1ecdng t\u1ed1i \u0111a c\u1ee7a b\u0103ng t\u1ea3i:<\/strong> 165kg<br \/>\n<strong>Chi\u1ec1u cao b\u0103ng t\u1ea3i:<\/strong> 788mm<br \/>\n<strong>Tro\u0323ng l\u01b0\u01a1\u0323ng:<\/strong> toa\u0300 n b\u00f4\u0323: 610Kg<br \/>\n<strong>Ngu\u1ed3n h\u1ec7 th\u1ed1ng:<\/strong> 115\/230 VAC \u00b1 10%, 60\/50Hz<br \/>\n<strong>\u0110\u1ed9 \u0111\u00e2m xuy\u00ean th\u00e9p:<\/strong> 28mm th\u1ef1c t\u1ebf, 30mm \u0111i\u1ec3n h\u00ecnh<br \/>\n<strong>\u0110\u1ed9 ph\u00e2n gi\u1ea3i d\u00e2y:<\/strong> 38 AWG th\u1ef1c t\u1ebf, 40 AWG \u0111i\u1ec3n h\u00ecnh,<\/p>\n","protected":false},"featured_media":893,"template":"","meta":[],"product_cat":[18],"product_tag":[456,32,458,334],"class_list":{"0":"post-315","1":"product","2":"type-product","3":"status-publish","4":"has-post-thumbnail","6":"product_cat-may-soi-hanh-ly","7":"product_tag-hanh-ly","8":"product_tag-may-soi","9":"product_tag-nho","10":"product_tag-scanner-vi","12":"first","13":"instock","14":"shipping-taxable","15":"product-type-simple"},"aioseo_notices":[],"_links":{"self":[{"href":"https:\/\/hanviet.com.vn\/index.php?rest_route=\/wp\/v2\/product\/315","targetHints":{"allow":["GET"]}}],"collection":[{"href":"https:\/\/hanviet.com.vn\/index.php?rest_route=\/wp\/v2\/product"}],"about":[{"href":"https:\/\/hanviet.com.vn\/index.php?rest_route=\/wp\/v2\/types\/product"}],"wp:featuredmedia":[{"embeddable":true,"href":"https:\/\/hanviet.com.vn\/index.php?rest_route=\/wp\/v2\/media\/893"}],"wp:attachment":[{"href":"https:\/\/hanviet.com.vn\/index.php?rest_route=%2Fwp%2Fv2%2Fmedia&parent=315"}],"wp:term":[{"taxonomy":"product_cat","embeddable":true,"href":"https:\/\/hanviet.com.vn\/index.php?rest_route=%2Fwp%2Fv2%2Fproduct_cat&post=315"},{"taxonomy":"product_tag","embeddable":true,"href":"https:\/\/hanviet.com.vn\/index.php?rest_route=%2Fwp%2Fv2%2Fproduct_tag&post=315"}],"curies":[{"name":"wp","href":"https:\/\/api.w.org\/{rel}","templated":true}]}}