{"id":396,"date":"2023-11-02T10:45:19","date_gmt":"2023-11-02T03:45:19","guid":{"rendered":"http:\/\/localhost\/demohanviet\/?post_type=product&#038;p=396"},"modified":"2024-11-14T13:33:20","modified_gmt":"2024-11-14T06:33:20","slug":"may-soi-rapiscan-628xr","status":"publish","type":"product","link":"https:\/\/hanviet.com.vn\/?product=may-soi-rapiscan-628xr","title":{"rendered":"M\u00c1Y SOI RAPISCAN 628XR"},"content":{"rendered":"<p><span style=\"color: #0000ff;\"><strong>D\u1ec5 d\u00e0ng s\u1eafp\u00a0x\u1ebfp h\u00e0ng h\u00f3a.<\/strong><\/span><\/p>\n<p><span style=\"color: #0000ff;\"><strong>V\u1edbi khoang soi l\u1edbn c\u00f3 kh\u1ea3 n\u0103ng\u00a0ki\u1ec3m tra c\u00e1c h\u00e0ng h\u00f3a v\u00e0 b\u01b0u ki\u1ec7n l\u1edbn.<\/strong><\/span><\/p>\n<p><span style=\"color: #0000ff;\"><em><strong>B\u01b0u ki\u1ec7n l\u1edbn v\u00e0 h\u00e0ng h\u00f3a nh\u1ecf<\/strong><\/em><\/span><\/p>\n<p><span style=\"color: #0000ff;\"><em><strong>B\u0103ng t\u1ea3i d\u1ec5 x\u1ebfp h\u00e0ng h\u00f3a<\/strong><\/em><\/span><\/p>\n<p><span style=\"color: #0000ff;\"><em><strong>\u0110\u00e1p \u1ee9ng y\u00eau c\u1ea7u quy \u0111\u1ecbnh to\u00e0n c\u1ea7u<\/strong><\/em><\/span><\/p>\n<p><span style=\"color: #0000ff;\"><em><strong>Chi ph\u00ed hi\u1ec7u qu\u1ea3<\/strong><\/em><\/span><\/p>\n<p><span style=\"color: #000000;\">V\u1edbi c\u1eeda khoang soi r\u1ed9ng v\u00e0 m\u1ed9t b\u0103ng t\u1ea3i th\u1ea5p, 628XR Rapiscan \u0111\u01b0\u1ee3c thi\u1ebft k\u1ebf cho c\u00e1c kh\u00e1ch h\u00e0ng c\u1ea7n d\u1ec5 d\u00e0ng b\u1ed1c x\u1ebfp h\u00e0ng h\u00f3a nh\u1ecf c\u0169ng nh\u01b0 c\u00e1c h\u00e0nh l\u00fd v\u00e0 b\u01b0u ki\u1ec7n l\u1edbn trong qu\u00e1 tr\u00ecnh ki\u1ec3m tra h\u00e0ng ho\u0301a ky\u0301 g\u01b0\u0309i ha\u0300ng kh\u00f4ng, v\u00e2\u0323n chuy\u00ea\u0309n ha\u0300ng ho\u0301a ha\u0300ng kh\u00f4ng v\u00e0 ki\u1ec3m tra h\u1ea3i quan.<\/span><\/p>\n<p><span style=\"color: #000000;\">V\u1edbi\u00a0 khoang soi r\u1ed9ng 1.000 mm\u00a0 va\u0300 cao 1.000 mm, Rapiscan 628XR \u0111\u00e1p \u1ee9ng c\u00e1c y\u00eau c\u1ea7u kh\u1eaft khe nh\u1ea5t c\u1ee7a nhi\u1ec1u quy \u0111\u1ecbnh to\u00e0n c\u1ea7u bao g\u1ed3m c\u1ea3 c\u01a1 quan h\u00e0ng kh\u00f4ng d\u00e2n s\u1ef1 Ph\u00e1p (STAC) v\u00e0 Cu\u0323c H\u00e0ng kh\u00f4ng d\u00e2n d\u1ee5ng c\u1ee7a Trung Qu\u1ed1c (CAAC).<\/span><\/p>\n<p><span style=\"color: #000000;\">Rapiscan 628XR \u0111\u00e3 \u0111\u01b0\u1ee3c ph\u00ea duy\u1ec7t v\u00e0 \u0111\u01b0a v\u00e0o Danh s\u00e1ch C\u00f4ng ngh\u1ec7 soi chi\u00ea\u0301u ha\u0300ng ho\u0301a (ACSTL) \u00e1p d\u1ee5ng \u0111\u1ed1i v\u1edbi Hoa K\u1ef3. \u01af\u0301ng du\u0323ng \u0111\u00f4\u0301i v\u01a1\u0301i TSA ch\u01b0\u01a1ng tri\u0300nh ki\u00ea\u0309m tra ha\u0300ng ho\u0301a (CCSP) c\u0169ng nh\u01b0 c\u00e1c thi\u1ebft b\u1ecb va\u0300 di\u0323ch vu\u0323 \u0111\u1ee7 \u0111i\u1ec1u ki\u1ec7n \u00e1p d\u1ee5ng \u0111\u1ed1i v\u1edbi B\u00f4\u0323 giao th\u00f4ng Canada \u2013 \u00a0Ch\u01b0\u01a1ng tr\u00ecnh An ninh h\u00e0ng kh\u00f4ng (ACS)<\/span><\/p>\n<p><span style=\"color: #0000ff;\"><strong>T\u01b0\u0323 \u0111\u00f4\u0323ng ph\u00e1t hi\u1ec7n ch\u00e2\u0301t n\u1ed5:<\/strong><\/span><\/p>\n<p><span style=\"color: #000000;\">Target \u2122 t\u1ef1 \u0111\u1ed9ng ph\u00e1t hi\u1ec7n m\u1ed9t lo\u1ea1t c\u00e1c v\u1eadt li\u1ec7u n\u1ed5 theo th\u1eddi gian th\u1ef1c trong<\/span><br \/>\n<span style=\"color: #000000;\">qu\u00e1 tr\u00ecnh soi chi\u00ea\u0309u b\u0103\u0300ng ca\u0301ch l\u00e0m n\u1ed5i b\u1eadt kha\u0309 n\u0103ng v\u00e2\u0323t nghi v\u00e2\u0301n ti\u00ea\u0300m n\u0103ng tr\u00ean h\u00ecnh \u1ea3nh X-quang.<\/span><\/p>\n<p><span style=\"color: #0000ff;\"><strong>T\u01b0\u0323 \u0111\u00f4\u0323ng pha\u0301t hi\u00ea\u0323n ma t\u00fay:<\/strong><\/span><\/p>\n<p><span style=\"color: #000000;\">NARCScan \u2122 t\u1ef1 \u0111\u1ed9ng ph\u00e1t hi\u1ec7n m\u1ed9t lo\u1ea1t c\u00e1c ch\u1ea5t ma tu\u00fd theo th\u1eddi gian th\u1ef1c trong qu\u00e1 tr\u00ecnh qu\u00e9t b\u0103\u0300ng ca\u0301ch l\u00e0m n\u1ed5i b\u1eadt m\u1ed9t m\u1ed1i \u0111e d\u1ecda ti\u1ec1m n\u0103ng tr\u00ean h\u00ecnh \u1ea3nh X-quang.<\/span><\/p>\n<p><span style=\"color: #0000ff;\"><strong>C\u00e1c ch\u01b0\u0301c n\u0103ng h\u00f4\u0303 tr\u01a1\u0323 ng\u01b0\u01a1\u0300i v\u00e2\u0323n ha\u0300nh cho ph\u00e9p n\u00e2ng cao kha\u0309 n\u0103ng th\u00f4ng quan.<\/strong><\/span><\/p>\n<p><span style=\"color: #000000;\">V\u1edbi h\u01a1n 13 c\u00f4ng c\u1ee5 x\u1eed l\u00fd h\u00ecnh \u1ea3nh v\u00e0 nhi\u1ec1u ch\u1ee9c n\u0103ng ph\u00e1t hi\u1ec7n t\u1ef1 \u0111\u1ed9ng, ph\u00e2\u0300n m\u00ea\u0300m co\u0301 t\u00ednh n\u0103ng phong ph\u00fa gi\u00fap c\u00e1c nh\u00e0 v\u00e2\u0323n h\u00e0nh ph\u00e1t hi\u1ec7n h\u00e0ng l\u1eadu d\u1ec5 d\u00e0ng v\u00e0 ch\u00ednh x\u00e1c cho kha\u0309 n\u0103ng th\u00f4ng quan cao nh\u00e2\u0301t va\u0300 gia\u0309m thi\u00ea\u0309u m\u00ea\u0323t mo\u0309i.<\/span><\/p>\n<p><span style=\"color: #0000ff;\"><strong>\u0110\u00e1p \u1ee9ng h\u1ea7u h\u1ebft c\u00e1c y\u00eau c\u1ea7u nghi\u00eam ng\u1eb7t cu\u0309a to\u00e0n c\u1ea7u hi\u00ea\u0323n nay.<\/strong><\/span><\/p>\n<p><span style=\"color: #000000;\">Rapiscan 628XR \u0111\u00e1p \u1ee9ng c\u00e1c y\u00eau c\u00e2\u0300u v\u00ea\u0300 ph\u00e1t hi\u1ec7n kh\u1eaft khe nh\u1ea5t v\u00e0 y\u00eau c\u1ea7u v\u00ea\u0300 ch\u1ea5t l\u01b0\u1ee3ng h\u00ecnh \u1ea3nh theo quy \u0111\u1ecbnh c\u1ee7a C\u1ee5c An ninh V\u1eadn t\u1ea3i M\u1ef9 (TSA) v\u00e0 Cu\u0323c h\u00e0ng kh\u00f4ng d\u00e2n d\u1ee5ng Pha\u0301p (STAC).<\/span><\/p>\n<p><span style=\"color: #0000ff;\"><strong>Tu\u00e2n th\u1ee7 quy \u0111\u1ecbnh:<\/strong><\/span><\/p>\n<p><span style=\"color: #000000;\">Rapiscan 628XR co\u0301 hi\u1ec7u su\u1ea5t ch\u1ea5t l\u01b0\u1ee3ng h\u00ecnh \u1ea3nh ph\u00f9 h\u1ee3p v\u1edbi quy \u0111\u1ecbnh (EC) s\u1ed1\u00a0300\/2008. Ngo\u00e0i ra, ch\u01b0\u0301c n\u0103ng che\u0300n hi\u0300nh \u1ea3nh nguy hi\u00ea\u0309m (TIP) l\u00e0 ph\u00f9 h\u1ee3p\u00a0v\u1edbi quy \u0111\u1ecbnh (EU) s\u1ed1 185\/2010.<\/span><\/p>\n<p><span style=\"color: #0000ff;\"><b>Th\u00f4ng s\u1ed1 k\u1ef9 thu\u1eadt:<\/b><\/span><\/p>\n<p><span style=\"color: #000000;\">K\u00edch th\u01b0\u1edbc: Chi\u1ec1u d\u00e0i: 3.798mm. Cao: 2.124mm. R\u1ed9ng: 1.410mm<\/span><\/p>\n<p><span style=\"color: #000000;\">K\u00edch th\u01b0\u1edbc khoang soi: R\u1ed9ng: 1.000mm, Cao: 1.000mm.<\/span><\/p>\n<p><span style=\"color: #000000;\">T\u1ed1c \u0111\u1ed9 b\u0103ng t\u1ea3i: 0.2 m\/gi\u00e2y<\/span><\/p>\n<p><span style=\"color: #000000;\">Chi\u1ec1u cao b\u0103ng t\u1ea3i: 353 mm<\/span><\/p>\n<p><span style=\"color: #000000;\">T\u1ea3i tr\u1ecdng t\u1ed1i \u0111a c\u1ee7a b\u0103ng t\u1ea3i: 165kg, c\u00e2n b\u1eb1ng \u0111\u1ec1u<\/span><\/p>\n<p><span style=\"color: #000000;\">Tro\u0323ng l\u01b0\u01a1\u0323ng: Toa\u0300n b\u00f4\u0323 1,250 Kg.<\/span><\/p>\n<p><span style=\"color: #000000;\">Ngu\u1ed3n h\u1ec7 th\u1ed1ng: 115\/230 VAC \u00b1 10%, 60\/50Hz<\/span><\/p>\n<p><span style=\"color: #0000ff;\"><b>\u0110\u00e2\u0300u pha\u0301t X-quang ti\u00eau chu\u00e2\u0309n va\u0300 ch\u00e2\u0301t l\u01b0\u01a1\u0323ng hi\u0300nh a\u0309nh<\/b><\/span><\/p>\n<p><span style=\"color: #000000;\">\u0110\u1ed9 ph\u00e2n gi\u1ea3i d\u00e2y: 38 AWG th\u1ef1c t\u1ebf, 40 AWG \u0111i\u1ec3n h\u00ecnh,<\/span><\/p>\n<p><span style=\"color: #000000;\">\u0110\u1ed9 \u0111\u00e2m xuy\u00ean qua th\u00e9p: 28mm th\u1ef1c t\u1ebf, 30 mm \u0111i\u1ec3n h\u00ecnh.<\/span><\/p>\n<p><span style=\"color: #000000;\">Ph\u00e2n bi\u00ea\u0323t v\u00e2\u0323t ch\u00e2\u0301t: Z th\u00e2\u0301p, Z trung bi\u0300nh, Z cao chi\u0301nh xa\u0301c \u0111\u00ea\u0301n 0.5 Z.<\/span><\/p>\n<p><span style=\"color: #000000;\">L\u00e0m m\u00e1t \u0111\u00e2\u0300u pha\u0301t: b\u1eb1ng bi\u0300nh d\u1ea7u k\u00edn va\u0300 qua\u0323t gio\u0301.<\/span><\/p>\n<p><span style=\"color: #000000;\">\u0110i\u1ec7n \u00e1p c\u1ee7a c\u1ef1c Anode: hoa\u0323t \u0111\u00f4\u0323ng \u01a1\u0309 c\u00f4ng su\u00e2\u0301t 160kV<\/span><\/p>\n<p><span style=\"color: #000000;\">D\u00f2ng anode: 1.0 mA l\u00fd thuy\u1ebft.<\/span><\/p>\n<p><span style=\"color: #000000;\">H\u01b0\u01a1\u0301ng \u0111\u00e2\u0300u pha\u0301t: theo \u0111\u01b0\u1eddng ch\u00e9o t\u01b0\u0300 tr\u00ean xu\u00f4\u0301ng.<\/span><\/p>\n<p><span style=\"color: #0000ff;\"><b>M\u00f4i tr\u01b0\u01a1\u0300ng ho\u1ea1t \u0111\u1ed9ng<\/b><\/span><\/p>\n<p><span style=\"color: #000000;\">Nhi\u1ec7t \u0111\u1ed9 b\u1ea3o qu\u1ea3n: -20<sup>0<\/sup>C to 50<sup>0<\/sup>C<\/span><\/p>\n<p><span style=\"color: #000000;\">Nhi\u1ec7t \u0111\u1ed9 ho\u1ea1t \u0111\u1ed9ng: 0<sup>0<\/sup>C t\u1edbi 40<sup>0<\/sup>C<\/span><\/p>\n<p><span style=\"color: #000000;\">\u0110\u1ed9 \u1ea9m t\u01b0\u01a1ng \u0111\u1ed1i: 5 to 95% kh\u00f4ng ng\u01b0ng t\u1ee5.<\/span><\/p>\n<p><span style=\"color: #0000ff;\"><b>S\u1ee9c kh\u1ecfe v\u00e0 an to\u00e0n<\/b><\/span><\/p>\n<p><span style=\"color: #000000;\">S\u1ea3n ph\u1ea9m ma\u0301y soi co\u0301 khoang soi Rapiscan Systems tu\u00e2n th\u1ee7 t\u1ea5t c\u1ea3 c\u00e1c \u00e1p d\u1ee5ng c\u1ee7a FDA Hoa K\u1ef3 v\u00e0 y\u00eau c\u1ea7u cu\u0309a c\u01a1 quan qu\u1ea3n l\u00fd qu\u1ed1c t\u1ebf t\u01b0\u01a1ng \u0111\u01b0\u01a1ng, bao g\u00f4\u0300m ti\u00eau chu\u1ea9n an toa\u0300n b\u01b0\u0301c xa\u0323 b\u00ean trong khoang soi X-quang [21 CFR 1020.40] v\u00e0 c\u00e1c ti\u00eau chu\u1ea9n hi\u1ec7u su\u1ea5t chung [21\u00a0CFR Ph\u1ea7n 1010]. Rapiscan Systems x\u00e1c nh\u1eadn m\u1ed7i s\u1ea3n ph\u1ea9m X-quang co\u0301 khoang soi c\u00f3 t\u1ed1i \u0111a l\u01b0\u01a1\u0323ng r\u00f2 r\u1ec9 ph\u00f3ng x\u1ea1 d\u01b0\u1edbi 1 \u03bcSv\/gi\u1edd (0,1 mR\/hr) t\u1eeb t\u1ea5t c\u1ea3 c\u00e1c b\u1ec1 m\u1eb7t b\u00ean ngo\u00e0i c\u1ee7a\u00a0h\u1ec7 th\u1ed1ng khoang soi X-quang.<\/span><\/p>\n<p><span style=\"color: #0000ff;\"><a style=\"color: #0000ff;\" href=\"http:\/\/hanviet.com.vn\/wp-content\/uploads\/2024\/11\/628XR_TV.pdf\">Rapiscan 628XR (PDF)<\/a><\/span><\/p>\n","protected":false},"excerpt":{"rendered":"<h4><span style=\"color: #000000;\">D\u1ec5 d\u00e0ng s\u1eafp x\u1ebfp h\u00e0ng h\u00f3a. V\u1edbi khoang soi l\u1edbn c\u00f3 kh\u1ea3 n\u0103ng ki\u1ec3m tra c\u00e1c h\u00e0ng h\u00f3a v\u00e0 b\u01b0u ki\u1ec7n l\u1edbn<\/span><\/h4>\n<ul>\n<li><span style=\"color: #000000;\">B\u01b0u ki\u1ec7n l\u1edbn v\u00e0 h\u00e0ng h\u00f3a nh\u1ecf<\/span><\/li>\n<li><span style=\"color: #000000;\">B\u0103ng t\u1ea3i d\u1ec5 x\u1ebfp h\u00e0ng h\u00f3a<\/span><\/li>\n<li><span style=\"color: #000000;\">\u0110\u00e1p \u1ee9ng y\u00eau c\u1ea7u quy \u0111\u1ecbnh to\u00e0n c\u1ea7u<\/span><\/li>\n<li><span style=\"color: #000000;\">Chi ph\u00ed hi\u1ec7u qu\u1ea3<\/span><\/li>\n<\/ul>\n","protected":false},"featured_media":899,"template":"","meta":[],"product_cat":[19],"product_tag":[],"class_list":{"0":"post-396","1":"product","2":"type-product","3":"status-publish","4":"has-post-thumbnail","6":"product_cat-http-hanviet-com-vn-demo1-page_id348-vi","8":"first","9":"instock","10":"shipping-taxable","11":"product-type-simple"},"aioseo_notices":[],"_links":{"self":[{"href":"https:\/\/hanviet.com.vn\/index.php?rest_route=\/wp\/v2\/product\/396","targetHints":{"allow":["GET"]}}],"collection":[{"href":"https:\/\/hanviet.com.vn\/index.php?rest_route=\/wp\/v2\/product"}],"about":[{"href":"https:\/\/hanviet.com.vn\/index.php?rest_route=\/wp\/v2\/types\/product"}],"wp:featuredmedia":[{"embeddable":true,"href":"https:\/\/hanviet.com.vn\/index.php?rest_route=\/wp\/v2\/media\/899"}],"wp:attachment":[{"href":"https:\/\/hanviet.com.vn\/index.php?rest_route=%2Fwp%2Fv2%2Fmedia&parent=396"}],"wp:term":[{"taxonomy":"product_cat","embeddable":true,"href":"https:\/\/hanviet.com.vn\/index.php?rest_route=%2Fwp%2Fv2%2Fproduct_cat&post=396"},{"taxonomy":"product_tag","embeddable":true,"href":"https:\/\/hanviet.com.vn\/index.php?rest_route=%2Fwp%2Fv2%2Fproduct_tag&post=396"}],"curies":[{"name":"wp","href":"https:\/\/api.w.org\/{rel}","templated":true}]}}