{"id":406,"date":"2023-11-02T10:52:06","date_gmt":"2023-11-02T03:52:06","guid":{"rendered":"http:\/\/localhost\/demohanviet\/?post_type=product&#038;p=406"},"modified":"2024-11-14T12:09:10","modified_gmt":"2024-11-14T05:09:10","slug":"may-soi-rapiscan-620dv","status":"publish","type":"product","link":"https:\/\/hanviet.com.vn\/?product=may-soi-rapiscan-620dv","title":{"rendered":"M\u00c1Y SOI RAPISCAN 620DV"},"content":{"rendered":"<p><span style=\"color: #0000ff;\"><strong>H\u1ec7 th\u1ed1ng m\u00e1y soi chi\u1ebfu \u0111\u1ea1t chu\u1ea9n Thi\u1ebft B\u1ecb C\u00f4ng Ngh\u1ec7 Cao (AT) c\u1ee7a\u00a0C\u1ee5c An\u00a0<\/strong><strong>Ninh V\u1eadn T\u1ea3i M\u1ef9, chu\u1ea9n H\u1ec7 th\u1ed1ng m\u00e1y soi ph\u00e1t hi\u1ec7n ch\u1ea5t n\u1ed5\u00a0l\u1ecfng (LEDS)\u00a0c\u1ee7a\u00a0<\/strong><strong>Ch\u00e2u \u00c2u v\u00e0 \u0111\u01b0\u1ee3c ch\u1ee9ng nh\u1eadn b\u1edfi C\u1ee5c H\u00e0ng Kh\u00f4ng D\u00e2n D\u1ee5ng Trung Qu\u1ed1c (CAAC).<\/strong><\/span><\/p>\n<p><span style=\"color: #0000ff;\"><em><strong>Hi\u1ec7u qu\u1ea3 soi chi\u1ebfu cao<\/strong><\/em><\/span><\/p>\n<p><span style=\"color: #0000ff;\"><em><strong>C\u00f4ng ngh\u1ec7 soi chi\u1ebfu k\u00e9p<\/strong><\/em><\/span><\/p>\n<p><span style=\"color: #0000ff;\"><em><strong>T\u1ef1 \u0111\u1ed9ng ph\u00e1t hi\u1ec7n ch\u1ea5t n\u1ed5 l\u1ecfng v\u00e0 r\u1eafn, ma t\u00fay<\/strong><\/em><\/span><\/p>\n<p><span style=\"color: #0000ff;\"><em><strong>\u0110\u00e1p \u1ee9ng c\u00e1c ti\u00eau chu\u1ea9n to\u00e0n c\u1ea7u<\/strong><\/em><\/span><\/p>\n<p><span style=\"color: #000000;\"><strong>\u00a0<\/strong><\/span><\/p>\n<p><span style=\"color: #000000;\">Ma\u0301y soi Rapiscan 620DV l\u00e0 m\u1ed9t gi\u1ea3i ph\u00e1p h\u1eefu hi\u1ec7u trong l\u0129nh v\u1ef1c soi chi\u1ebfu, h\u1ec7 th\u1ed1ng m\u00e1y soi n\u00e0y \u0111\u01b0\u1ee3c thi\u1ebft k\u1ebf cho h\u00e0ng kh\u00f4ng v\u00e0 c\u00e1c \u0111i\u1ec3m ki\u1ec3m so\u00e1t c\u1ea7n \u0111\u1ed9 b\u1ea3o m\u1eadt cao. Rapiscan 620DV s\u1eed d\u1ee5ng c\u00f4ng ngh\u1ec7 soi chi\u1ebfu k\u00e9p n\u00ean c\u00f3 th\u1ec3 \u0111\u01b0a ra hai g\u00f3c nh\u00ecn th\u1eb3ng \u0111\u1ee9ng v\u00e0 b\u00ean c\u1ea1nh c\u1ee7a v\u1eadt th\u1ec3 trong qu\u00e1 tr\u00ecnh ki\u1ec3m tra.<\/span><\/p>\n<p><span style=\"color: #000000;\">Ma\u0301y soi Rapiscan 620DV \u0111\u01b0\u1ee3c ch\u1ea5p thu\u1eadn v\u00e0 \u0111\u1ea1t ti\u00eau chu\u1ea9n Thi\u1ebft B\u1ecb C\u00f4ng Ngh\u1ec7 Cao (AT) c\u1ee7a C\u1ee5c An Ninh V\u1eadnT\u1ea3i M\u1ef9 ( TSA), Ch\u1ee9ng nh\u1eadn h\u1ec7 th\u1ed1ng soi chi\u1ebfu \u0111\u1ea1t chu\u1ea9n Ch\u00e2u \u00c2u ECAC, Chu\u1ea9n H\u1ec7 Th\u1ed1ng D\u00f2 T\u00ecm\u00a0 Ch\u1ea5t N\u1ed5 l\u1ecfng (LEDS), thi\u1ebft b\u1ecb an ninh \u0111\u1ea1t\u00a0 chu\u1ea9n Quy Tr\u00ecnh \u0110\u00e1nh Gi\u00e1 Ph\u1ed5 Th\u00f4ng ( CEP).<\/span><\/p>\n<p><span style=\"color: #000000;\">H\u1ec7 th\u1ed1ng m\u00e1y soi Rapiscan 620DV cung c\u1ea5p ch\u1ea5t l\u01b0\u1ee3ng h\u00ecnh \u1ea3nh v\u01b0\u1ee3t tr\u1ed9i, \u0111\u1ea1t ch\u1ee9ng nh\u1eadn to\u00e0n c\u1ea7u \u1edf m\u1ee9c cao nh\u1ea5t v\u1edbi h\u1ec7 th\u1ed1ng ph\u1ea7n m\u1ec1m t\u1ef1 \u0111\u1ed9ng d\u00f2 t\u00ecm ch\u1ea5t n\u1ed5 (Target<sup>TM<\/sup>) v\u00e0 ph\u1ea7n m\u1ec1m t\u1ef1 \u0111\u1ed9ng x\u00e1c \u0111\u1ecbnh c\u00e1c lo\u1ea1i ch\u1ea5t n\u1ed5 l\u1ecfng (aLEXis<sup>TM<\/sup>).<\/span><\/p>\n<p><span style=\"color: #0000ff;\"><strong>T\u01b0\u0323 \u0111\u00f4\u0323ng ph\u00e1t hi\u1ec7n ch\u00e2\u0301t n\u1ed5:<\/strong><\/span><\/p>\n<p><span style=\"color: #000000;\">Target \u2122 t\u1ef1 \u0111\u1ed9ng ph\u00e1t hi\u1ec7n m\u1ed9t lo\u1ea1t c\u00e1c v\u1eadt li\u1ec7u n\u1ed5 theo th\u1eddi gian th\u1ef1c trong qu\u00e1 tr\u00ecnh soi chi\u00ea\u0309u b\u0103\u0300ng ca\u0301ch l\u00e0m n\u1ed5i b\u1eadt kha\u0309 n\u0103ng v\u00e2\u0323t kh\u1ea3 nghi tr\u00ean h\u00ecnh \u1ea3nh X-quang.<\/span><\/p>\n<p><span style=\"color: #0000ff;\"><strong>T\u01b0\u0323 \u0111\u00f4\u0323ng pha\u0301t hi\u00ea\u0323n ma t\u00fay:<\/strong><\/span><\/p>\n<p><span style=\"color: #000000;\">NARCScan \u2122 t\u1ef1 \u0111\u1ed9ng ph\u00e1t hi\u1ec7n m\u1ed9t lo\u1ea1t c\u00e1c ch\u1ea5t ma tu\u00fd theo th\u1eddi gian th\u1ef1c trong qu\u00e1 tr\u00ecnh qu\u00e9t b\u0103\u0300ng ca\u0301ch l\u00e0m n\u1ed5i b\u1eadt m\u1ed9t m\u1ed1i \u0111e d\u1ecda ti\u1ec1m n\u0103ng tr\u00ean h\u00ecnh \u1ea3nh X-quang.<\/span><\/p>\n<p><span style=\"color: #0000ff;\"><strong>\u0110\u00e1p \u1ee9ng h\u1ea7u h\u1ebft c\u00e1c y\u00eau c\u1ea7u nghi\u00eam ng\u1eb7t cu\u0309a to\u00e0n c\u1ea7u hi\u00ea\u0323n nay.<\/strong><\/span><\/p>\n<p><span style=\"color: #000000;\">Rapiscan 620DV \u0111\u00e1p \u1ee9ng c\u00e1c y\u00eau c\u00e2\u0300u v\u00ea\u0300 ph\u00e1t hi\u1ec7n kh\u1eaft khe nh\u1ea5t v\u00e0 y\u00eau c\u1ea7u v\u00ea\u0300 ch\u1ea5t l\u01b0\u1ee3ng h\u00ecnh \u1ea3nh theo quy \u0111\u1ecbnh c\u1ee7a C\u1ee5c An ninh V\u1eadn t\u1ea3i M\u1ef9 (TSA), B\u1ed9 giao th\u00f4ng v\u1eadn t\u1ea3i Anh ( DFT) , C\u1ee5c H\u00e0ng Kh\u00f4ng D\u00e2n D\u1ee5ng Ph\u00e1p, Ch\u00e2u \u00c2u (STAC), C\u1ee5c H\u00e0ng Kh\u00f4ng D\u00e2n D\u1ee5ng Trung Qu\u1ed1c (CAAC), v\u00e0 B\u1ed9 giao th\u00f4ng v\u1eadn t\u1ea3i Canada ( TC).<\/span><\/p>\n<p><span style=\"color: #0000ff;\"><strong>C\u00e1c ch\u01b0\u0301c n\u0103ng h\u00f4\u0303 tr\u01a1\u0323 ng\u01b0\u01a1\u0300i v\u00e2\u0323n ha\u0300nh l\u1edbn nh\u1ea5t cho ph\u00e9p n\u00e2ng cao kha\u0309 n\u0103ng th\u00f4ng quan.<\/strong><\/span><\/p>\n<p><span style=\"color: #000000;\">V\u1edbi h\u01a1n 13 c\u00f4ng c\u1ee5 x\u1eed l\u00fd h\u00ecnh \u1ea3nh v\u00e0 nhi\u1ec1u ch\u1ee9c n\u0103ng ph\u00e1t hi\u1ec7n t\u1ef1 \u0111\u1ed9ng, ph\u00e2\u0300n m\u00ea\u0300m co\u0301 t\u00ednh n\u0103ng phong ph\u00fa gi\u00fap c\u00e1c nh\u00e0 v\u00e2\u0323n h\u00e0nh ph\u00e1t hi\u1ec7n h\u00e0ng l\u1eadu d\u1ec5 d\u00e0ng v\u00e0 ch\u00ednh x\u00e1c cho kha\u0309 n\u0103ng th\u00f4ng quan cao nh\u00e2\u0301t va\u0300 gia\u0309m thi\u00ea\u0309u m\u00ea\u0323t mo\u0309i.<\/span><\/p>\n<p><span style=\"color: #0000ff;\"><strong>Tu\u00e2n th\u1ee7 quy \u0111\u1ecbnh:<\/strong><\/span><\/p>\n<p><span style=\"color: #000000;\">Rapiscan 620DV co\u0301 hi\u1ec7u su\u1ea5t ch\u1ea5t l\u01b0\u1ee3ng h\u00ecnh \u1ea3nh ph\u00f9 h\u1ee3p v\u1edbi quy \u0111\u1ecbnh (EC) s\u1ed1\u00a0300\/2008. Ngo\u00e0i ra, ch\u01b0\u0301c n\u0103ng che\u0300n hi\u0300nh \u1ea3nh nguy hi\u00ea\u0309m (TIP) l\u00e0 ph\u00f9 h\u1ee3p\u00a0v\u1edbi quy \u0111\u1ecbnh (EU) s\u1ed1 185\/2010.<\/span><\/p>\n<p><span style=\"color: #0000ff;\"><strong>C\u00f4ng ngh\u1ec7 soi chi\u1ebfu k\u00e9p v\u01b0\u1ee3t tr\u1ed9i.<\/strong><\/span><\/p>\n<p><span style=\"color: #000000;\">Ch\u00ednh ph\u1ee7 c\u0169ng nh\u01b0 C\u1ee5c An ninh V\u1eadn t\u1ea3i M\u1ef9 (TSA) y\u00eau c\u1ea7u c\u1ea7n c\u00f3 c\u00f4ng ngh\u1ec7 soi chi\u1ebfu k\u00e9p. H\u1ec7 th\u1ed1ng soi chi\u1ebfu k\u00e9p c\u1ee7a rapiscan c\u00f3 th\u1ec3 cung c\u1ea5p hai \u1ea3nh ri\u00eang bi\u1ec7t t\u1eeb hai h\u01b0\u1edbng vu\u00f4ng g\u00f3c , do v\u1eady cung c\u1ea5p \u0111\u01b0\u1ee3c m\u1ed9t h\u00ecnh \u1ea3nh to\u00e0n di\u1ec7n m\u00e0 kh\u00f4ng c\u1ea7n ph\u1ea3i thay \u0111\u1ed5i chi\u1ec1u v\u00e0 soi chi\u1ebfu l\u1ea1i, do \u0111\u00f3 t\u0103ng t\u1ed1c \u0111\u1ed9, \u0111\u1ed9 ch\u00ednh x\u00e1c v\u00e0 to\u00e0n di\u1ec7n khi soi chi\u1ebfu c\u00e1c \u0111\u1ed1i t\u01b0\u1ee3ng nguy hi\u1ec3m.<\/span><\/p>\n<p><span style=\"color: #0000ff;\"><b>Th\u00f4ng s\u1ed1 k\u1ef9 thu\u1eadt:<\/b><\/span><\/p>\n<p><span style=\"color: #000000;\">K\u00edch th\u01b0\u1edbc: Chi\u1ec1u d\u00e0i: 2,880mm. Cao: 1,418mm. R\u1ed9ng: 1430mm<\/span><\/p>\n<p><span style=\"color: #000000;\">K\u00edch th\u01b0\u1edbc khoang soi ki\u1ec3m tra (Tunnel): R\u1ed9ng: 640mm, Cao: 430mm.<\/span><\/p>\n<p><span style=\"color: #000000;\">T\u1ed1c \u0111\u1ed9 b\u0103ng t\u1ea3i: 0.2 m\/s.<\/span><\/p>\n<p><span style=\"color: #000000;\">T\u1ea3i tr\u1ecdng t\u1ed1i \u0111a c\u1ee7a b\u0103ng t\u1ea3i: 165kg khi t\u1ea3i c\u00e2n b\u1eb1ng \u0111\u1ec1u<\/span><\/p>\n<p><span style=\"color: #000000;\">Chi\u1ec1u cao b\u0103ng t\u1ea3i: 826mm<\/span><\/p>\n<p><span style=\"color: #000000;\">Tro\u0323ng l\u01b0\u01a1\u0323ng: toa\u0300n b\u00f4\u0323: 1000Kg<\/span><\/p>\n<p><span style=\"color: #000000;\">Ngu\u1ed3n h\u1ec7 th\u1ed1ng: 115\/230 VAC \u00b1 10%, 60\/50Hz<\/span><\/p>\n<p><span style=\"color: #0000ff;\"><b>\u0110\u00e2\u0300u pha\u0301t X-quang ti\u00eau chu\u00e2\u0309n va\u0300 ch\u00e2\u0301t l\u01b0\u01a1\u0323ng hi\u0300nh a\u0309nh<\/b><\/span><\/p>\n<p><span style=\"color: #000000;\">\u0110\u1ed9 \u0111\u00e2m xuy\u00ean th\u00e9p: 35mm th\u1ef1c t\u1ebf, 40mm \u0111i\u1ec3n h\u00ecnh<\/span><\/p>\n<p><span style=\"color: #000000;\">\u0110\u1ed9 ph\u00e2n gi\u1ea3i d\u00e2y: 38 AWG th\u1ef1c t\u1ebf, 40 AWG \u0111i\u1ec3n h\u00ecnh,<\/span><\/p>\n<p><span style=\"color: #000000;\">Ph\u00e2n bi\u00ea\u0323t v\u00e2\u0323t ch\u00e2\u0301t: Z th\u00e2\u0301p, Z trung bi\u0300nh, Z cao chi\u0301nh xa\u0301c \u0111\u00ea\u0301n 0.5 Z.<\/span><\/p>\n<p><span style=\"color: #000000;\">L\u00e0m m\u00e1t \u0111\u00e2\u0300u pha\u0301t: b\u1eb1ng bi\u0300nh d\u1ea7u k\u00edn va\u0300 qua\u0323t gio\u0301.<\/span><\/p>\n<p><span style=\"color: #000000;\">\u0110i\u1ec7n \u00e1p c\u1ee7a c\u1ef1c Anode: hoa\u0323t \u0111\u00f4\u0323ng \u01a1\u0309 c\u00f4ng su\u00e2\u0301t 160kV<\/span><\/p>\n<p><span style=\"color: #000000;\">D\u00f2ng anode: 1.0 mA l\u00fd thuy\u1ebft.<\/span><\/p>\n<p><span style=\"color: #000000;\">H\u01b0\u01a1\u0301ng \u0111\u00e2\u0300u pha\u0301t: theo \u0111\u01b0\u1eddng ch\u00e9o t\u1eeb tr\u00ean xu\u1ed1ng v\u00e0 chi\u1ebfu ngang.<\/span><\/p>\n<p><span style=\"color: #0000ff;\"><b>M\u00f4i tr\u01b0\u01a1\u0300ng ho\u1ea1t \u0111\u1ed9ng<\/b><\/span><\/p>\n<p><span style=\"color: #000000;\">Nhi\u1ec7t \u0111\u1ed9 b\u1ea3o qu\u1ea3n: -20<sup>0<\/sup>C to 50<sup>0<\/sup>C<\/span><\/p>\n<p><span style=\"color: #000000;\">Nhi\u1ec7t \u0111\u1ed9 ho\u1ea1t \u0111\u1ed9ng: 0<sup>0<\/sup>C t\u1edbi 40<sup>0<\/sup>C<\/span><\/p>\n<p><span style=\"color: #000000;\">\u0110\u1ed9 \u1ea9m t\u01b0\u01a1ng \u0111\u1ed1i: 5 to 95% kh\u00f4ng ng\u01b0ng t\u1ee5.<\/span><\/p>\n<p><span style=\"color: #0000ff;\"><b>S\u1ee9c kh\u1ecfe v\u00e0 an to\u00e0n<\/b><\/span><\/p>\n<p><span style=\"color: #000000;\">S\u1ea3n ph\u1ea9m ma\u0301y soi co\u0301 khoang soi Rapiscan Systems tu\u00e2n th\u1ee7 t\u1ea5t c\u1ea3 c\u00e1c \u00e1p d\u1ee5ng c\u1ee7a FDA Hoa K\u1ef3 v\u00e0 y\u00eau c\u1ea7u cu\u0309a c\u01a1 quan qu\u1ea3n l\u00fd qu\u1ed1c t\u1ebf t\u01b0\u01a1ng \u0111\u01b0\u01a1ng, bao g\u00f4\u0300m ti\u00eau chu\u1ea9n an toa\u0300n b\u01b0\u0301c xa\u0323 b\u00ean trong khoang soi X-quang [21 CFR 1020.40] v\u00e0 c\u00e1c ti\u00eau chu\u1ea9n hi\u1ec7u su\u1ea5t chung [21 CFR Ph\u1ea7n 1010]. Rapiscan Systems x\u00e1c nh\u1eadn m\u1ed7i s\u1ea3n ph\u1ea9m X-quang co\u0301 khoang soi c\u00f3 t\u1ed1i \u0111a l\u01b0\u01a1\u0323ng r\u00f2 r\u1ec9 ph\u00f3ng x\u1ea1 d\u01b0\u1edbi 1 \u03bcSv\/gi\u1edd (0,1 mR\/hr) t\u1eeb t\u1ea5t c\u1ea3 c\u00e1c b\u1ec1 m\u1eb7t b\u00ean ngo\u00e0i c\u1ee7a h\u1ec7 th\u1ed1ng khoang soi X-quang.<\/span><\/p>\n<p><span style=\"color: #0000ff;\"><a style=\"color: #0000ff;\" href=\"http:\/\/hanviet.com.vn\/wp-content\/uploads\/2024\/11\/620DV_TV.pdf\">Rapiscan 620DV TV.PDF<\/a><\/span><\/p>\n","protected":false},"excerpt":{"rendered":"<p><span style=\"color: #000000;\"><strong>K\u00edch th\u01b0\u1edbc:<\/strong> Chi\u1ec1u d\u00e0i: 2,880mm. Cao: 1,418mm. R\u1ed9ng: 1430mm<\/span><\/p>\n<p><span style=\"color: #000000;\"><strong>K\u00edch th\u01b0\u1edbc khoang soi ki\u1ec3m tra (Tunnel):<\/strong> R\u1ed9ng: 640mm, Cao: 430mm.<\/span><\/p>\n<p><span style=\"color: #000000;\"><strong>T\u1ed1c \u0111\u1ed9 b\u0103ng t\u1ea3i:<\/strong> 0.2 m\/s.<\/span><\/p>\n<p><span style=\"color: #000000;\"><strong>T\u1ea3i tr\u1ecdng t\u1ed1i \u0111a c\u1ee7a b\u0103ng t\u1ea3i:<\/strong> 165kg khi t\u1ea3i c\u00e2n b\u1eb1ng \u0111\u1ec1u<\/span><\/p>\n<p><span style=\"color: #000000;\"><strong>Chi\u1ec1u cao b\u0103ng t\u1ea3i:<\/strong> 826mm<\/span><\/p>\n<p><span style=\"color: #000000;\"><strong>Tro\u0323ng l\u01b0\u01a1\u0323ng:<\/strong> toa\u0300n b\u00f4\u0323: 1000Kg<\/span><\/p>\n<p><span style=\"color: #000000;\"><strong>Ngu\u1ed3n h\u1ec7 th\u1ed1ng:<\/strong> 115\/230 VAC \u00b1 10%, 60\/50Hz<\/span><\/p>\n<p><span style=\"color: #000000;\"><strong>\u0110\u1ed9 \u0111\u00e2m xuy\u00ean th\u00e9p:<\/strong> 35mm th\u1ef1c t\u1ebf, 40mm \u0111i\u1ec3n h\u00ecnh<\/span><\/p>\n<p><span style=\"color: #000000;\"><strong>\u0110\u1ed9 ph\u00e2n gi\u1ea3i d\u00e2y:<\/strong> 38 AWG th\u1ef1c t\u1ebf, 40 AWG \u0111i\u1ec3n h\u00ecnh,<\/span><\/p>\n","protected":false},"featured_media":891,"template":"","meta":[],"product_cat":[18],"product_tag":[456,32,458,334],"class_list":{"0":"post-406","1":"product","2":"type-product","3":"status-publish","4":"has-post-thumbnail","6":"product_cat-may-soi-hanh-ly","7":"product_tag-hanh-ly","8":"product_tag-may-soi","9":"product_tag-nho","10":"product_tag-scanner-vi","12":"first","13":"instock","14":"shipping-taxable","15":"product-type-simple"},"aioseo_notices":[],"_links":{"self":[{"href":"https:\/\/hanviet.com.vn\/index.php?rest_route=\/wp\/v2\/product\/406","targetHints":{"allow":["GET"]}}],"collection":[{"href":"https:\/\/hanviet.com.vn\/index.php?rest_route=\/wp\/v2\/product"}],"about":[{"href":"https:\/\/hanviet.com.vn\/index.php?rest_route=\/wp\/v2\/types\/product"}],"wp:featuredmedia":[{"embeddable":true,"href":"https:\/\/hanviet.com.vn\/index.php?rest_route=\/wp\/v2\/media\/891"}],"wp:attachment":[{"href":"https:\/\/hanviet.com.vn\/index.php?rest_route=%2Fwp%2Fv2%2Fmedia&parent=406"}],"wp:term":[{"taxonomy":"product_cat","embeddable":true,"href":"https:\/\/hanviet.com.vn\/index.php?rest_route=%2Fwp%2Fv2%2Fproduct_cat&post=406"},{"taxonomy":"product_tag","embeddable":true,"href":"https:\/\/hanviet.com.vn\/index.php?rest_route=%2Fwp%2Fv2%2Fproduct_tag&post=406"}],"curies":[{"name":"wp","href":"https:\/\/api.w.org\/{rel}","templated":true}]}}