{"id":409,"date":"2023-11-02T10:54:26","date_gmt":"2023-11-02T03:54:26","guid":{"rendered":"http:\/\/localhost\/demohanviet\/?post_type=product&#038;p=409"},"modified":"2024-11-14T12:08:22","modified_gmt":"2024-11-14T05:08:22","slug":"may-soi-rapiscan-620xr","status":"publish","type":"product","link":"https:\/\/hanviet.com.vn\/?product=may-soi-rapiscan-620xr","title":{"rendered":"M\u00c1Y SOI RAPISCAN 620XR"},"content":{"rendered":"<p><span style=\"color: #0000ff;\"><b>H\u1ec7 th\u1ed1ng m\u00e1y soi cao c\u1ea5p m\u1ed9t g\u00f3c nh\u00ecn<\/b><\/span><\/p>\n<p><span style=\"color: #0000ff;\"><b>v\u1edbi nh\u1eefng t\u00ednh n\u0103ng v\u01b0\u1ee3t tr\u1ed9i c\u00f9ng nhi\u1ec1u c\u1ea3i ti\u1ebfn.<\/b><\/span><\/p>\n<p><span style=\"color: #0000ff;\"><strong><em>Hi\u1ec7u qu\u1ea3 soi chi\u1ebfu \u0111\u00e3 \u0111\u01b0\u1ee3c ki\u1ec3m ch\u1ee9ng<\/em><\/strong><\/span><\/p>\n<p><span style=\"color: #0000ff;\"><strong><em>\u0110\u00e1p \u1ee9ng c\u00e1c ti\u00eau chu\u1ea9n to\u00e0n c\u1ea7u<\/em><\/strong><\/span><\/p>\n<p><span style=\"color: #0000ff;\"><strong><em>Kha\u0309 n\u0103ng k\u00ea\u0301t n\u00f4\u0301i ma\u0323ng<\/em><\/strong><\/span><\/p>\n<p><span style=\"color: #0000ff;\"><strong><em>Hi\u00ea\u0323u qu\u1ea3 va\u0300 n\u0103ng su\u1ea5t<\/em><\/strong><\/span><\/p>\n<p><span style=\"color: #000000;\">Ma\u0301y soi Rapiscan 620XR c\u00f3 kh\u1ea3 n\u0103ng ki\u1ec3m so\u00e1t v\u01b0\u1ee3t tr\u1ed9i v\u00e0 \u00edt t\u1ed1n k\u00e9m. Thi\u00ea\u0301t k\u00ea\u0301 sa\u0301ng ta\u0323o cho phe\u0301p ma\u0301y soi hoa\u0323t \u0111\u00f4\u0323ng 2 chi\u00ea\u0300u, ngo\u00e0i ra c\u00f2n c\u00f3 nhi\u1ec1u ph\u1ea7n t\u00f9y ch\u1ecdn r\u1ea5t ti\u1ec7n d\u1ee5ng nh\u01b0 b\u1ea3ng \u0111i\u1ec1u khi\u1ec3n d\u1ea1ng \u0111\u1ee9ng gi\u00fap vi\u1ec7c v\u1eadn h\u00e0nh d\u1ec5 d\u00e0ng h\u01a1n.<\/span><\/p>\n<p><span style=\"color: #0000ff;\"><strong>T\u01b0\u0323 \u0111\u00f4\u0323ng ph\u00e1t hi\u1ec7n ch\u00e2\u0301t n\u1ed5:<\/strong><\/span><br \/>\n<span style=\"color: #000000;\">Target \u2122 t\u1ef1 \u0111\u1ed9ng ph\u00e1t hi\u1ec7n m\u1ed9t lo\u1ea1t c\u00e1c v\u1eadt li\u1ec7u n\u1ed5 theo th\u1eddi gian th\u1ef1c trong qu\u00e1 tr\u00ecnh soi chi\u00ea\u0309u b\u0103\u0300ng ca\u0301ch l\u00e0m n\u1ed5i b\u1eadt kha\u0309 n\u0103ng v\u00e2\u0323t kh\u1ea3 nghi tr\u00ean h\u00ecnh \u1ea3nh X-quang.<\/span><\/p>\n<p><span style=\"color: #0000ff;\"><strong>T\u01b0\u0323 \u0111\u00f4\u0323ng pha\u0301t hi\u00ea\u0323n ma t\u00fay:<\/strong><\/span><br \/>\n<span style=\"color: #000000;\">NARCScan \u2122 t\u1ef1 \u0111\u1ed9ng ph\u00e1t hi\u1ec7n m\u1ed9t lo\u1ea1t c\u00e1c ch\u1ea5t ma tu\u00fd theo th\u1eddi gian th\u1ef1c trong qu\u00e1 tr\u00ecnh qu\u00e9t b\u0103\u0300ng ca\u0301ch l\u00e0m n\u1ed5i b\u1eadt m\u1ed9t m\u1ed1i \u0111e d\u1ecda ti\u1ec1m n\u0103ng tr\u00ean h\u00ecnh \u1ea3nh X-quang.<\/span><\/p>\n<p>&nbsp;<\/p>\n<p><span style=\"color: #0000ff;\"><strong>C\u00e1c kh\u00f3a \u0111\u00e0o t\u1ea1o ng\u01b0\u1eddi v\u1eadn h\u00e0nh h\u00e0ng \u0111\u1ea7u<\/strong><\/span><\/p>\n<p><span style=\"color: #000000;\">H\u1ec7 th\u1ed1ng rapiscan cung c\u1ea5p ch\u01b0\u01a1ng tr\u00ecnh \u0111\u00e0o t\u1ea1o g\u1ed3m 3 kh\u00f3a h\u1ecdc cho ng\u01b0\u1eddi v\u1eadn h\u00e0nh:(OTP): Ch\u01b0\u01a1ng tri\u0300nh \u0111a\u0300o ta\u0323o ng\u01b0\u01a1\u0300i v\u00e2\u0323n ha\u0300nh h\u1ec7 th\u1ed1ng ;(CBT): Ch\u01b0\u01a1ng tri\u0300nh \u0111a\u0300o ta\u0323o ng\u01b0\u01a1\u0300i v\u00e2\u0323n h\u00e0nh \u0111\u1ed9c l\u1eadp tr\u00ean m\u00e1y t\u00ednh , v\u00e0 ch\u01b0\u01a1ng tr\u00ecnh \u0111\u00e0o t\u1ea1o tr\u1ef1c tuy\u1ebfn c\u00e1 nh\u00e2n ho\u1eb7c theo l\u1edbp v\u1edbi c\u00e1c chuy\u00ean gia gi\u00e0u kinh nghi\u1ec7m. T\u00e2ts c\u1ea3 c\u00e1c kh\u00f3a \u0111\u00e0o t\u1ea1o ng\u01b0\u1eddi v\u1eadn h\u00e0nh (CBT) c\u1ee7a Rapiscan \u0111\u1ec1u ph\u00f9 h\u1ee3p v\u1edbi y\u00eau c\u1ea7u c\u1ee7a C\u1ee5c An Ninh V\u1eadn T\u1ea3i M\u1ef9 (TSA) v\u00e0 Ch\u00e2u \u00c2U (EU) theo quy \u0111\u1ecbnh 185\/2010.<\/span><\/p>\n<p><span style=\"color: #0000ff;\"><strong>C\u00e1c ch\u01b0\u0301c n\u0103ng h\u00f4\u0303 tr\u01a1\u0323 ng\u01b0\u01a1\u0300i v\u00e2\u0323n ha\u0300nh l\u1edbn nh\u1ea5t cho ph\u00e9p n\u00e2ng cao kha\u0309 n\u0103ng th\u00f4ng quan.<\/strong><\/span><\/p>\n<p><span style=\"color: #000000;\">V\u1edbi h\u01a1n 13 c\u00f4ng c\u1ee5 x\u1eed l\u00fd h\u00ecnh \u1ea3nh v\u00e0 nhi\u1ec1u ch\u1ee9c n\u0103ng ph\u00e1t hi\u1ec7n t\u1ef1 \u0111\u1ed9ng, ph\u00e2\u0300n m\u00ea\u0300m co\u0301 t\u00ednh n\u0103ng phong ph\u00fa gi\u00fap c\u00e1c nh\u00e0 v\u00e2\u0323n h\u00e0nh ph\u00e1t hi\u1ec7n h\u00e0ng l\u1eadc\u1ee7a u d\u1ec5 d\u00e0ng v\u00e0 ch\u00ednh x\u00e1c cho kha\u0309 n\u0103ng th\u00f4ng quan cao nh\u00e2\u0301t va\u0300 gia\u0309m thi\u00ea\u0309u m\u00ea\u0323t mo\u0309i.<\/span><\/p>\n<p><span style=\"color: #0000ff;\"><strong>Tu\u00e2n th\u1ee7 quy \u0111\u1ecbnh:<\/strong><\/span><\/p>\n<p><span style=\"color: #000000;\">Rapiscan 620XR co\u0301 hi\u1ec7u su\u1ea5t ch\u1ea5t l\u01b0\u1ee3ng h\u00ecnh \u1ea3nh ph\u00f9 h\u1ee3p v\u1edbi quy \u0111\u1ecbnh (EC) s\u1ed1 300\/2008. Ngo\u00e0i ra, ch\u01b0\u0301c n\u0103ng che\u0300n hi\u0300nh \u1ea3nh nguy hi\u00ea\u0309m (TIP) l\u00e0 ph\u00f9 h\u1ee3p v\u1edbi quy \u0111\u1ecbnh (EU) s\u1ed1 185\/2010.<\/span><\/p>\n<p><span style=\"color: #0000ff;\"><strong>Th\u00f4ng s\u1ed1 k\u1ef9 thu\u1eadt:<\/strong><\/span><\/p>\n<p><span style=\"color: #000000;\">K\u00edch th\u01b0\u1edbc: Chi\u1ec1u d\u00e0i: 2,082mm. Cao: 1,382mm. R\u1ed9ng: 840mm<\/span><\/p>\n<p><span style=\"color: #000000;\">K\u00edch th\u01b0\u1edbc khoang soi ki\u1ec3m tra (Tunnel): R\u1ed9ng: 620mm, Cao: 420mm.<\/span><\/p>\n<p><span style=\"color: #000000;\">T\u1ed1c \u0111\u1ed9 b\u0103ng t\u1ea3i: 0.2 m\/s.T\u1ea3i tr\u1ecdng t\u1ed1i \u0111a: 165kg, c\u00e2n b\u1eb1ng \u0111\u1ec1u<\/span><\/p>\n<p><span style=\"color: #000000;\">Chi\u1ec1u cao b\u0103ng t\u1ea3i: 803mm<\/span><\/p>\n<p><span style=\"color: #000000;\">Tro\u0323ng l\u01b0\u01a1\u0323ng: toa\u0300n b\u00f4\u0323: 510Kg<\/span><\/p>\n<p><span style=\"color: #000000;\">Ngu\u1ed3n h\u1ec7 th\u1ed1ng: 115\/230 VAC \u00b1 10%, 60\/50Hz<\/span><\/p>\n<p><span style=\"color: #0000ff;\"><strong>\u0110\u00e2\u0300u pha\u0301t X-quang ti\u00eau chu\u00e2\u0309n va\u0300 ch\u00e2\u0301t l\u01b0\u01a1\u0323ng hi\u0300nh a\u0309nh<\/strong><\/span><\/p>\n<p><span style=\"color: #000000;\">\u0110\u1ed9 \u0111\u00e2m xuy\u00ean th\u00e9p: 28mm th\u1ef1c t\u1ebf, 30mm \u0111i\u1ec3n h\u00ecnh<\/span><\/p>\n<p><span style=\"color: #000000;\">\u0110\u1ed9 ph\u00e2n gi\u1ea3i d\u00e2y: 38 AWG th\u1ef1c t\u1ebf, 40 AWG \u0111i\u1ec3n h\u00ecnh,<\/span><\/p>\n<p><span style=\"color: #000000;\">Ph\u00e2n bi\u00ea\u0323t v\u00e2\u0323t ch\u00e2\u0301t: Z th\u00e2\u0301p, Z trung bi\u0300nh, Z cao chi\u0301nh xa\u0301c \u0111\u00ea\u0301n 0.5 Z.<\/span><\/p>\n<p><span style=\"color: #000000;\">L\u00e0m m\u00e1t \u0111\u00e2\u0300u pha\u0301t: b\u1eb1ng bi\u0300nh d\u1ea7u k\u00edn va\u0300 qua\u0323t gio\u0301.<\/span><\/p>\n<p><span style=\"color: #000000;\">\u0110i\u1ec7n \u00e1p c\u1ee7a c\u1ef1c Anode: hoa\u0323t \u0111\u00f4\u0323ng \u01a1\u0309 c\u00f4ng su\u00e2\u0301t 140kV<\/span><\/p>\n<p><span style=\"color: #000000;\">D\u00f2ng anode: 0.7 mA l\u00fd thuy\u1ebft.<\/span><\/p>\n<p><span style=\"color: #000000;\">H\u01b0\u01a1\u0301ng \u0111\u00e2\u0300u pha\u0301t: Che\u0301o t\u01b0\u0300 d\u01b0\u01a1\u0301i l\u00ean..<\/span><\/p>\n<p><span style=\"color: #0000ff;\"><strong>L\u01b0\u0323a cho\u0323n \u0110\u00e2\u0300u pha\u0301t X-quang co\u0301 \u0111\u00f4\u0323 \u0111\u00e2m xuy\u00ean cao va\u0300 ch\u00e2\u0301t l\u01b0\u01a1\u0323ng hi\u0300nh a\u0309nh<\/strong><\/span><\/p>\n<p><span style=\"color: #000000;\">\u0110\u1ed9 \u0111\u00e2m xuy\u00ean th\u00e9p: 35mm th\u1ef1c t\u1ebf, 40mm \u0111i\u1ec3n h\u00ecnh<\/span><\/p>\n<p><span style=\"color: #000000;\">\u0110\u1ed9 ph\u00e2n gi\u1ea3i d\u00e2y: 38 AWG th\u1ef1c t\u1ebf, 40 AWG \u0111i\u1ec3n h\u00ecnh<\/span><\/p>\n<p><span style=\"color: #000000;\">\u0110i\u1ec7n \u00e1p c\u1ee7a c\u1ef1c Anode: hoa\u0323t \u0111\u00f4\u0323ng \u01a1\u0309 c\u00f4ng su\u00e2\u0301t 160kV<\/span><\/p>\n<p><span style=\"color: #000000;\">D\u00f2ng anode: 1.0 mA l\u00fd thuy\u1ebft.<\/span><\/p>\n<p><span style=\"color: #0000ff;\"><strong>M\u00f4i tr\u01b0\u01a1\u0300ng ho\u1ea1t \u0111\u1ed9ng<\/strong><\/span><\/p>\n<p><span style=\"color: #000000;\">Nhi\u1ec7t \u0111\u1ed9 b\u1ea3o qu\u1ea3n: -20<sup>0<\/sup>C to 50<sup>0<\/sup>C<\/span><\/p>\n<p><span style=\"color: #000000;\">Nhi\u1ec7t \u0111\u1ed9 ho\u1ea1t \u0111\u1ed9ng: 0<sup>0<\/sup>C t\u1edbi 40<sup>0<\/sup>C<\/span><\/p>\n<p><span style=\"color: #000000;\">\u0110\u1ed9 \u1ea9m t\u01b0\u01a1ng \u0111\u1ed1i: 5 to 95% kh\u00f4ng ng\u01b0ng t\u1ee5.<\/span><\/p>\n<p><span style=\"color: #0000ff;\"><b>S\u1ee9c kh\u1ecfe v\u00e0 an to\u00e0n<\/b><\/span><\/p>\n<p><span style=\"color: #000000;\">S\u1ea3n ph\u1ea9m ma\u0301y soi co\u0301 khoang soi Rapiscan Systems tu\u00e2n th\u1ee7 t\u1ea5t c\u1ea3 c\u00e1c \u00e1p d\u1ee5ng c\u1ee7a FDA Hoa K\u1ef3 v\u00e0 y\u00eau c\u1ea7u cu\u0309a c\u01a1 quan qu\u1ea3n l\u00fd qu\u1ed1c t\u1ebf t\u01b0\u01a1ng \u0111\u01b0\u01a1ng, bao g\u00f4\u0300m ti\u00eau chu\u1ea9n an toa\u0300n b\u01b0\u0301c xa\u0323 b\u00ean trong khoang soi X-quang [21 CFR 1020.40] v\u00e0 c\u00e1c ti\u00eau chu\u1ea9n hi\u1ec7u su\u1ea5t chung [21\u00a0CFR Ph\u1ea7n 1010]. Rapiscan Systems x\u00e1c nh\u1eadn m\u1ed7i s\u1ea3n ph\u1ea9m X-quang co\u0301 khoang soi c\u00f3 t\u1ed1i \u0111a l\u01b0\u01a1\u0323ng r\u00f2 r\u1ec9 ph\u00f3ng x\u1ea1 d\u01b0\u1edbi 1 \u03bcSv\/gi\u1edd (0,1 mR\/hr) t\u1eeb t\u1ea5t c\u1ea3 c\u00e1c b\u1ec1 m\u1eb7t b\u00ean ngo\u00e0i c\u1ee7a\u00a0h\u1ec7 th\u1ed1ng khoang soi X-quang.<\/span><\/p>\n<p><span style=\"color: #0000ff;\"><a style=\"color: #0000ff;\" href=\"http:\/\/hanviet.com.vn\/wp-content\/uploads\/2024\/11\/620XR_TV.pdf\">Rapiscan 620XR.PDF<\/a><\/span><\/p>\n","protected":false},"excerpt":{"rendered":"<p><span style=\"color: #000000;\"><strong>\u0110\u1ed9 \u0111\u00e2m xuy\u00ean th\u00e9p:<\/strong> 28mm th\u1ef1c t\u1ebf, 30mm \u0111i\u1ec3n h\u00ecnh<\/span><\/p>\n<p><span style=\"color: #000000;\"><strong>\u0110\u1ed9 ph\u00e2n gi\u1ea3i d\u00e2y:<\/strong> 38 AWG th\u1ef1c t\u1ebf, 40 AWG \u0111i\u1ec3n h\u00ecnh,<\/span><\/p>\n<p><span style=\"color: #000000;\"><strong>Ph\u00e2n bi\u00ea\u0323t v\u00e2\u0323t ch\u00e2\u0301t:<\/strong> Z th\u00e2\u0301p, Z trung bi\u0300nh, Z cao chi\u0301nh xa\u0301c \u0111\u00ea\u0301n 0.5 Z.<\/span><\/p>\n<p><span style=\"color: #000000;\"><strong>L\u00e0m m\u00e1t \u0111\u00e2\u0300u pha\u0301t:<\/strong> b\u1eb1ng bi\u0300nh d\u1ea7u k\u00edn va\u0300 qua\u0323t gio\u0301.<\/span><\/p>\n<p><span style=\"color: #000000;\"><strong>\u0110i\u1ec7n \u00e1p c\u1ee7a c\u1ef1c Anode:<\/strong> hoa\u0323t \u0111\u00f4\u0323ng \u01a1\u0309 c\u00f4ng su\u00e2\u0301t 140kV<\/span><\/p>\n<p><span style=\"color: #000000;\"><strong>D\u00f2ng anode:<\/strong> 0.7 mA l\u00fd thuy\u1ebft.<\/span><\/p>\n<p><span style=\"color: #000000;\"><strong>H\u01b0\u01a1\u0301ng \u0111\u00e2\u0300u pha\u0301t:<\/strong> Che\u0301o t\u01b0\u0300 d\u01b0\u01a1\u0301i l\u00ean..<\/span><\/p>\n<p><span style=\"color: #000000;\"><strong>\u0110\u1ed9 \u0111\u00e2m xuy\u00ean th\u00e9p:<\/strong> 35mm th\u1ef1c t\u1ebf, 40mm \u0111i\u1ec3n h\u00ecnh<\/span><\/p>\n<p><span style=\"color: #000000;\"><strong>\u0110\u1ed9 ph\u00e2n gi\u1ea3i d\u00e2y<\/strong>: 38 AWG th\u1ef1c t\u1ebf, 40 AWG \u0111i\u1ec3n h\u00ecnh<\/span><\/p>\n","protected":false},"featured_media":892,"template":"","meta":[],"product_cat":[18],"product_tag":[456,32,458,334],"class_list":{"0":"post-409","1":"product","2":"type-product","3":"status-publish","4":"has-post-thumbnail","6":"product_cat-may-soi-hanh-ly","7":"product_tag-hanh-ly","8":"product_tag-may-soi","9":"product_tag-nho","10":"product_tag-scanner-vi","12":"first","13":"instock","14":"shipping-taxable","15":"product-type-simple"},"aioseo_notices":[],"_links":{"self":[{"href":"https:\/\/hanviet.com.vn\/index.php?rest_route=\/wp\/v2\/product\/409","targetHints":{"allow":["GET"]}}],"collection":[{"href":"https:\/\/hanviet.com.vn\/index.php?rest_route=\/wp\/v2\/product"}],"about":[{"href":"https:\/\/hanviet.com.vn\/index.php?rest_route=\/wp\/v2\/types\/product"}],"wp:featuredmedia":[{"embeddable":true,"href":"https:\/\/hanviet.com.vn\/index.php?rest_route=\/wp\/v2\/media\/892"}],"wp:attachment":[{"href":"https:\/\/hanviet.com.vn\/index.php?rest_route=%2Fwp%2Fv2%2Fmedia&parent=409"}],"wp:term":[{"taxonomy":"product_cat","embeddable":true,"href":"https:\/\/hanviet.com.vn\/index.php?rest_route=%2Fwp%2Fv2%2Fproduct_cat&post=409"},{"taxonomy":"product_tag","embeddable":true,"href":"https:\/\/hanviet.com.vn\/index.php?rest_route=%2Fwp%2Fv2%2Fproduct_tag&post=409"}],"curies":[{"name":"wp","href":"https:\/\/api.w.org\/{rel}","templated":true}]}}