{"id":841,"date":"2023-11-09T12:38:43","date_gmt":"2023-11-09T05:38:43","guid":{"rendered":"http:\/\/localhost\/demohanviet\/demo1\/?post_type=product&#038;p=841"},"modified":"2024-11-14T12:01:52","modified_gmt":"2024-11-14T05:01:52","slug":"may-soi-rapiscan-927dx","status":"publish","type":"product","link":"https:\/\/hanviet.com.vn\/?product=may-soi-rapiscan-927dx","title":{"rendered":"M\u00c1Y SOI RAPISCAN 927DX"},"content":{"rendered":"<p><span style=\"color: #0000ff;\"><strong>927DX l\u00e0 h\u1ec7 th\u1ed1ng soi chi\u1ebfu k\u00e9p (Dual View) hi\u1ec7u su\u1ea5t <\/strong><strong>cao v\u1edbi k\u00edch th\u01b0\u1edbc khoang soi 1010mm x 1010mm cho <\/strong><strong>ch\u1ea5t l\u01b0\u1ee3ng h\u00ecnh \u1ea3nh v\u00e0 kh\u1ea3 n\u0103ng c\u1ea3nh b\u00e1o ph\u00e1t hi\u1ec7n <\/strong><strong>c\u00e1c m\u1ed1i \u0111e d\u1ecda tuy\u1ec7t v\u1eddi.<\/strong><\/span><\/p>\n<p><span style=\"color: #000000;\">C\u00d4NG NGH\u1ec6 PH\u00c2N GI\u1ea2I T\u1ed0T NH\u1ea4T<\/span><\/p>\n<p><span style=\"color: #000000;\">PH\u00c1T HI\u1ec6N CH\u1ea4T N\u1ed4 V\u00c0 MA T\u00daY<\/span><\/p>\n<p><span style=\"color: #000000;\">C\u1ea2I THI\u1ec6N H\u00ccNH \u1ea2NH C\u00d3 \u0110\u1ed8 PH\u00c2N GI\u1ea2I TH\u1ea4P<\/span><\/p>\n<p><span style=\"color: #000000;\">MA TR\u1eacN, K\u1ebeT N\u1ed0I M\u1ea0NG &amp; KI\u1ec2M SO\u00c1T T\u1eea XA<\/span><\/p>\n<p><span style=\"color: #0000ff;\"><strong>H\u00ccNH \u1ea2NH V\u1edaI QUANG PH\u1ed4 4 M\u00c0U<\/strong><\/span><\/p>\n<p><span style=\"color: #000000;\">927DX c\u00f3 th\u1ec3 hi\u1ec3n th\u1ecb h\u00ecnh \u1ea3nh cho ng\u01b0\u1eddi v\u1eadn h\u00e0nh c\u00f3 th\u1ec3 t\u00f9y ch\u1ecdn 4 m\u00e0u c\u1ed5 \u0111i\u1ec3n v\u00e0 t\u00f9y ch\u1ecdn m\u1edbi v\u1edbi quang ph\u1ed5 4 m\u00e0u (SP4) cung c\u1ea5p h\u00ecnh \u1ea3nh v\u01b0\u1ee3t tr\u1ed9i, cho ph\u00e9p gi\u00e1m s\u00e1t an ninh \u0111\u01b0\u1ee3c c\u1ea3i thi\u1ec7n b\u1eb1ng c\u00e1ch x\u00e1c \u0111\u1ecbnh nhanh ch\u00f3ng v\u00e0 ch\u00ednh x\u00e1c c\u00e1c m\u1ed1i \u0111e d\u1ecda v\u00e0 t\u0103ng s\u1ef1 l\u01b0u th\u00f4ng.<\/span><\/p>\n<p><span style=\"color: #0000ff;\"><strong>CH\u1ebe \u0110\u1ed8 DUAL ZEFF <\/strong><\/span><\/p>\n<p><span style=\"color: #000000;\">T\u00ednh n\u0103ng n\u00e0y h\u1ed7 tr\u1ee3 ng\u01b0\u1eddi v\u1eadn h\u00e0nh trong vi\u1ec7c c\u00e1c \u0111\u1ecbnh nhanh ch\u00f3ng c\u00e1c v\u1eadt li\u1ec7u h\u1eefu c\u01a1, trong ch\u1ebf \u0111\u1ed9 RANGE MODE l\u00e0m n\u1ed5i b\u1eadt khu v\u1ef1c khi ng\u01b0\u1eddi v\u1eadn h\u00e0nh l\u1ef1a ch\u1ecdn gi\u00e1 tr\u1ecb c\u1ee7a Z-efective l\u00e0 7,8 ho\u1eb7c 9 hay \u1edf ch\u1ebf \u0111\u1ed9 Interractive Mode khi ng\u01b0\u1eddi v\u1eadn h\u00e0nh t\u00f9y ch\u1ecdn \u0111\u1ec3 hi\u1ec3n th\u1ecb s\u1ed1 Z-effective c\u1ee7a m\u1ed9t \u0111i\u1ec3m \u1ea3nh \u0111\u01b0\u1ee3c ch\u1ecdn.<\/span><\/p>\n<p><span style=\"color: #0000ff;\"><strong>PH\u00c1T HI\u1ec6N C\u00c1C CH\u1ea4T MA T\u00daY V\u00c0 CH\u1ea4T N\u1ed4<\/strong><\/span><\/p>\n<p><span style=\"color: #000000;\">Target v\u00e0 NARC Scan \u0111\u01b0\u1ee3c thi\u1ebft k\u1ebf \u0111\u1ec3 ph\u00e1t hi\u1ec7n m\u1ed9t lo\u1ea1t ch\u1ea5t n\u1ed5 v\u00e0 ch\u1ea5t ma t\u00fay t\u01b0\u01a1ng \u1ee9ng trong th\u1eddi gian th\u1ef1c trong qu\u00e1 tr\u00ecnh qu\u00e9t b\u1eb1ng c\u00e1ch \u0111\u00e1nh d\u1ea5u m\u1ed1i \u0111e d\u1ecda l\u00ean h\u00ecnh \u1ea3nh tr\u00ean m\u00e1y X-Ray. C\u00e1c thu\u1eadt to\u00e1n ph\u00e1t hi\u1ec7n c\u1ee7a Rapiscan\u00ae Systems d\u1ef1a tr\u00ean c\u00e1c k\u1ef9 thu\u1eadt ph\u00e2n t\u00edch v\u1eadt li\u1ec7u \u0111\u01b0\u1ee3c ph\u00ea duy\u1ec7t theo quy \u0111\u1ecbnh.<\/span><\/p>\n<p><span style=\"color: #0000ff;\"><strong>TU\u00c2N TH\u1ee6 H\u00c0NG KH\u00d4NG CH\u00c2U \u00c2U<\/strong><\/span><\/p>\n<p><span style=\"color: #000000;\">Hi\u1ec7u su\u1ea5t 927DX tu\u00e2n th\u1ee7 \u0111\u1ea7y \u0111\u1ee7 c\u00e1c quy \u0111\u1ecbnh b\u1eaft bu\u1ed9c (EC) Implementing Regulation 1998\/2015 c\u1eadp nh\u1eadt 815\/2017, EC Implementing Decision 8005\/2015 c\u1eadp nh\u1eadt 3030\/2017 v\u1ec1 b\u1ea3o m\u1eadt h\u00e0ng kh\u00f4ng trong Li\u00ean minh ch\u00e2u \u00c2u<\/span><\/p>\n<p><span style=\"color: #0000ff;\"><strong>TH\u00d4NG S\u1ed0 V\u1eacT L\u00dd<\/strong><\/span><\/p>\n<p><span style=\"color: #000000;\">K\u00edch Th\u01b0\u1edbc D 3.855 mm (151.2 in) ; R 1,969 mm (77.5in); C 2,020 mm (79.5 in).<\/span><br \/>\n<span style=\"color: #000000;\">K\u00edch Th\u01b0\u1edbc khoang soi(Tunner): R 1,010 mm (39.8 in); C 1,010 mm (39.8 in).<\/span><br \/>\n<span style=\"color: #000000;\">Chi\u1ec1u cao b\u0103ng t\u1ea3i: 862mm (33.9 in.)<\/span><br \/>\n<span style=\"color: #000000;\">Tr\u1ecdng l\u01b0\u1ee3ng: 2,156 Kg (4,753 lbs)<\/span><br \/>\n<span style=\"color: #000000;\">T\u1ed1c \u0111\u1ed9 b\u0103ng t\u1ea3i: 0.20 m\/sec (39.4 ft\/min).<\/span><br \/>\n<span style=\"color: #000000;\">T\u1ea3i tr\u1ecdng (c\u00e2n b\u1eb1ng \u0111\u1ec1u): 200 Kg (441 lbs).<\/span><br \/>\n<span style=\"color: #000000;\">\u0110\u00e2m xuy\u00ean th\u00e9p: 39 mm t\u1ed1i \u0111a; 38 mm ti\u00eau chu\u1ea9n<\/span><br \/>\n<span style=\"color: #000000;\">\u0110\u1ed9 ph\u00e2n gi\u1ea3i d\u00e2y: 42 AWG t\u1ed1i \u0111a; 41 AWG ti\u00eau chu\u1ea9n<\/span><br \/>\n<span style=\"color: #000000;\">\u0110\u1ed9 ph\u00e2n gi\u1ea3i \u0111a chi\u1ec1u: 0.8 mm chi\u1ec1u D\u1ecdc; 0.8 mm chi\u1ec1u Ngang<\/span><\/p>\n<p><span style=\"color: #0000ff;\"><strong>\u0110I\u1ec0U KI\u1ec6N HO\u1ea0T \u0110\u1ed8NG V\u00c0 C\u00d4NG SU\u1ea4T<\/strong><\/span><\/p>\n<p><span style=\"color: #000000;\">Nhi\u1ec7t \u0111\u1ed9 b\u1ea3o qu\u1ea3n: -20\u00b0C to 50\u00b0C.<\/span><br \/>\n<span style=\"color: #000000;\">Nhi\u1ec7t \u0111\u1ed9 ho\u1ea1t \u0111\u1ed9ng: 0\u00b0C to 40\u00b0C.<\/span><br \/>\n<span style=\"color: #000000;\">\u0110\u1ed9 \u1ea9m ho\u1ea1t \u0111\u1ed9ng: 5 \u0111\u1ebfn 95% kh\u00f4ng ng\u01b0ng t\u1ee5.<\/span><br \/>\n<span style=\"color: #000000;\">Ngu\u1ed3n h\u1ec7 th\u1ed1ng: 100\/110\/120\/200\/208 \/220\/230\/240 VAC \u00b110%<\/span><\/p>\n<p><span style=\"color: #0000ff;\"><strong>NGU\u1ed2N PH\u00c1T TIA X-RAY<\/strong><\/span><\/p>\n<p><span style=\"color: #000000;\">D\u00f2ng \u0111i\u1ec7n: 160KV.<\/span><br \/>\n<span style=\"color: #000000;\">H\u01b0\u1edbng ph\u00e1t tia: T\u1eeb d\u1ecdc t\u1eeb d\u01b0\u1edbi l\u00ean<\/span><\/p>\n<p><span style=\"color: #0000ff;\"><a style=\"color: #0000ff;\" href=\"http:\/\/hanviet.com.vn\/wp-content\/uploads\/2023\/11\/DS-927DX-0007-TV.pdf\">Rapiscan orion 927DX.PDF<\/a><\/span><\/p>\n","protected":false},"excerpt":{"rendered":"<p><span style=\"color: #000000;\"><strong>927DX l\u00e0 h\u1ec7 th\u1ed1ng soi chi\u1ebfu k\u00e9p (Dual View) hi\u1ec7u su\u1ea5t <\/strong><strong>cao v\u1edbi k\u00edch th\u01b0\u1edbc khoang soi 1010mm x 1010mm cho <\/strong><strong>ch\u1ea5t l\u01b0\u1ee3ng h\u00ecnh \u1ea3nh v\u00e0 kh\u1ea3 n\u0103ng c\u1ea3nh b\u00e1o ph\u00e1t hi\u1ec7n <\/strong><strong>c\u00e1c m\u1ed1i \u0111e d\u1ecda tuy\u1ec7t v\u1eddi.<\/strong><\/span><\/p>\n<p><span style=\"color: #000000;\">C\u00d4NG NGH\u1ec6 PH\u00c2N GI\u1ea2I T\u1ed0T NH\u1ea4T<\/span><\/p>\n<p><span style=\"color: #000000;\">PH\u00c1T HI\u1ec6N CH\u1ea4T N\u1ed4 V\u00c0 MA T\u00daY<\/span><\/p>\n<p><span style=\"color: #000000;\">C\u1ea2I THI\u1ec6N H\u00ccNH \u1ea2NH C\u00d3 \u0110\u1ed8 PH\u00c2N GI\u1ea2I TH\u1ea4P<\/span><\/p>\n<p><span style=\"color: #000000;\">MA TR\u1eacN, K\u1ebeT N\u1ed0I M\u1ea0NG &amp; KI\u1ec2M SO\u00c1T T\u1eea XA<\/span><\/p>\n<p><span style=\"color: #000000;\"><strong>TH\u00d4NG S\u1ed0 V\u1eacT L\u00dd<\/strong><\/span><\/p>\n<p><span style=\"color: #000000;\">K\u00edch Th\u01b0\u1edbc D 3.855 mm (151.2 in) ; R 1,969 mm (77.5in); C 2,020 mm (79.5 in).<\/span><br \/>\n<span style=\"color: #000000;\">K\u00edch Th\u01b0\u1edbc khoang soi(Tunner): R 1,010 mm (39.8 in); C 1,010 mm (39.8 in).<\/span><br \/>\n<span style=\"color: #000000;\">Chi\u1ec1u cao b\u0103ng t\u1ea3i: 862mm (33.9 in.)<\/span><br \/>\n<span style=\"color: #000000;\">Tr\u1ecdng l\u01b0\u1ee3ng: 2,156 Kg (4,753 lbs)<\/span><br \/>\n<span style=\"color: #000000;\">T\u1ed1c \u0111\u1ed9 b\u0103ng t\u1ea3i: 0.20 m\/sec (39.4 ft\/min).<\/span><\/p>\n","protected":false},"featured_media":908,"template":"","meta":[],"product_cat":[19],"product_tag":[41,40,32,30],"class_list":{"0":"post-841","1":"product","2":"type-product","3":"status-publish","4":"has-post-thumbnail","6":"product_cat-http-hanviet-com-vn-demo1-page_id348-vi","7":"product_tag-41","8":"product_tag-927dx","9":"product_tag-may-soi","10":"product_tag-new","12":"first","13":"instock","14":"shipping-taxable","15":"product-type-simple"},"aioseo_notices":[],"_links":{"self":[{"href":"https:\/\/hanviet.com.vn\/index.php?rest_route=\/wp\/v2\/product\/841","targetHints":{"allow":["GET"]}}],"collection":[{"href":"https:\/\/hanviet.com.vn\/index.php?rest_route=\/wp\/v2\/product"}],"about":[{"href":"https:\/\/hanviet.com.vn\/index.php?rest_route=\/wp\/v2\/types\/product"}],"wp:featuredmedia":[{"embeddable":true,"href":"https:\/\/hanviet.com.vn\/index.php?rest_route=\/wp\/v2\/media\/908"}],"wp:attachment":[{"href":"https:\/\/hanviet.com.vn\/index.php?rest_route=%2Fwp%2Fv2%2Fmedia&parent=841"}],"wp:term":[{"taxonomy":"product_cat","embeddable":true,"href":"https:\/\/hanviet.com.vn\/index.php?rest_route=%2Fwp%2Fv2%2Fproduct_cat&post=841"},{"taxonomy":"product_tag","embeddable":true,"href":"https:\/\/hanviet.com.vn\/index.php?rest_route=%2Fwp%2Fv2%2Fproduct_tag&post=841"}],"curies":[{"name":"wp","href":"https:\/\/api.w.org\/{rel}","templated":true}]}}